{"id":778,"date":"2021-10-26T10:30:18","date_gmt":"2021-10-26T08:30:18","guid":{"rendered":"https:\/\/mobility.optimum-automotive.com\/?page_id=778"},"modified":"2022-04-26T17:05:18","modified_gmt":"2022-04-26T15:05:18","slug":"benefices-camera-embarquee","status":"publish","type":"page","link":"https:\/\/securicam.co\/pt\/benefices-camera-embarquee\/","title":{"rendered":"BENEF\u00cdCIOS"},"content":{"rendered":"<section class=\"wp-block-uagb-columns uagb-columns__wrap uagb-columns__background-image uagb-columns__stack-mobile uagb-columns__valign-undefined uagb-columns__gap-10 alignfull uagb-block-a31350d8 dark\"><div class=\"uagb-columns__overlay\"><\/div><div class=\"uagb-columns__inner-wrap uagb-columns__columns-1\">\n<div class=\"wp-block-uagb-column uagb-column__wrap uagb-column__background-undefined uagb-block-ea19e88b container\"><div class=\"uagb-column__overlay\"><\/div><div class=\"uagb-column__inner-wrap\">\n<section class=\"wp-block-uagb-columns uagb-columns__wrap uagb-columns__background-undefined uagb-columns__stack-mobile uagb-columns__valign-undefined uagb-columns__gap-10 alignundefined uagb-block-9e413afd\"><div class=\"uagb-columns__overlay\"><\/div><div class=\"uagb-columns__inner-wrap uagb-columns__columns-2\">\n<div class=\"wp-block-uagb-column uagb-column__wrap uagb-column__background-undefined uagb-block-232d0162\"><div class=\"uagb-column__overlay\"><\/div><div class=\"uagb-column__inner-wrap\">\n<h1 class=\"has-text-align-left mb-10 wp-block-heading\"><span style=\"color:#ffffff\" class=\"has-inline-color\"><strong>SEUS BENEF\u00cdCIOS<\/strong><\/span><\/h1>\n<\/div><\/div>\n\n\n\n<div class=\"wp-block-uagb-column uagb-column__wrap uagb-column__background-undefined uagb-block-5472fb34\"><div class=\"uagb-column__overlay\"><\/div><div class=\"uagb-column__inner-wrap\"><\/div><\/div>\n<\/div><\/section>\n<\/div><\/div>\n<\/div><\/section>\n\n\n\n<section class=\"wp-block-uagb-columns uagb-columns__wrap uagb-columns__background-color uagb-columns__stack-mobile uagb-columns__valign-undefined uagb-columns__gap-10 alignfull uagb-block-f045334d\"><div class=\"uagb-columns__overlay\"><\/div><div class=\"uagb-columns__inner-wrap uagb-columns__columns-1\">\n<div class=\"wp-block-uagb-column uagb-column__wrap uagb-column__background-color uagb-block-c5df0632\"><div class=\"uagb-column__overlay\"><\/div><div class=\"uagb-column__inner-wrap\">\n<section class=\"wp-block-uagb-columns uagb-columns__wrap uagb-columns__background-undefined uagb-columns__stack-mobile uagb-columns__valign-undefined uagb-columns__gap-0 alignundefined uagb-block-7a1fedb2\" id=\"container\"><div class=\"uagb-columns__overlay\"><\/div><div class=\"uagb-columns__inner-wrap uagb-columns__columns-1\">\n<div class=\"wp-block-uagb-column uagb-column__wrap uagb-column__background-undefined uagb-block-2eea9698 container\"><div class=\"uagb-column__overlay\"><\/div><div class=\"uagb-column__inner-wrap\">\n<div class=\"wp-block-columns mb-0 p-0 is-layout-flex wp-container-core-columns-layout-1 wp-block-columns-is-layout-flex\">\n<div class=\"wp-block-column is-layout-flow wp-block-column-is-layout-flow\" style=\"flex-basis:100%\">\n<h4 class=\"p-0 has-medium-font-size wp-block-heading\"><span class=\"has-inline-color has-dark-color\"> <\/span><\/h4>\n\n\n\n<div style=\"height:10px\" aria-hidden=\"true\" class=\"wp-block-spacer\"><\/div>\n<\/div>\n<\/div>\n<\/div><\/div>\n<\/div><\/section>\n<\/div><\/div>\n<\/div><\/section>\n\n\n\n<section class=\"wp-block-uagb-columns uagb-columns__wrap uagb-columns__background-color uagb-columns__stack-mobile uagb-columns__valign-undefined uagb-columns__gap-10 alignfull uagb-block-90322d18 pb-0\"><div class=\"uagb-columns__overlay\"><\/div><div class=\"uagb-columns__inner-wrap uagb-columns__columns-1\">\n<div class=\"wp-block-uagb-column uagb-column__wrap uagb-column__background-color uagb-block-01d46b09 pb-0\"><div class=\"uagb-column__overlay\"><\/div><div class=\"uagb-column__inner-wrap\">\n<div style=\"height:5px\" aria-hidden=\"true\" class=\"wp-block-spacer pb-0\"><\/div>\n<\/div><\/div>\n<\/div><\/section>\n\n\n\n<section class=\"wp-block-uagb-columns uagb-columns__wrap uagb-columns__background-color uagb-columns__stack-tablet uagb-columns__valign-undefined uagb-columns__gap-10 alignundefined uagb-block-0fd45dfd\"><div class=\"uagb-columns__overlay\"><\/div><div class=\"uagb-columns__inner-wrap uagb-columns__columns-2\">\n<div class=\"wp-block-uagb-column uagb-column__wrap uagb-column__background-color uagb-block-27c3410f\"><div class=\"uagb-column__overlay\"><\/div><div class=\"uagb-column__inner-wrap\">\n<h4 class=\"has-text-align-left wp-block-heading\"><strong><strong><strong>Reduzir os comportamentos de risco<\/strong><\/strong><\/strong><\/h4>\n\n\n\n<p class=\"has-text-align-left\">A c\u00e2mara pode detetar acelera\u00e7\u00f5es violentas, travagens bruscas e curvas acentuadas. Estes eventos s\u00e3o transmitidos instantaneamente para a plataforma. <\/p>\n<\/div><\/div>\n\n\n\n<div class=\"wp-block-uagb-column uagb-column__wrap uagb-column__background-color uagb-block-4fa19abc\"><div class=\"uagb-column__overlay\"><\/div><div class=\"uagb-column__inner-wrap\">\n<p><\/p>\n\n\n\n<div class=\"wp-block-image\"><figure class=\"alignright size-full\"><img loading=\"lazy\" decoding=\"async\" width=\"682\" height=\"374\" src=\"https:\/\/securicam.co\/wp-content\/uploads\/2022\/02\/incident-ceinture2.gif\" alt=\"\" class=\"wp-image-3426\"\/><\/figure><\/div>\n<\/div><\/div>\n<\/div><\/section>\n\n\n\n<section class=\"wp-block-uagb-columns uagb-columns__wrap uagb-columns__background-color uagb-columns__stack-mobile uagb-columns__valign-undefined uagb-columns__gap-10 alignfull uagb-block-11047608\"><div class=\"uagb-columns__overlay\"><\/div><div class=\"uagb-columns__inner-wrap uagb-columns__columns-1\">\n<div class=\"wp-block-uagb-column uagb-column__wrap uagb-column__background-undefined uagb-block-3ab511a3 container\"><div class=\"uagb-column__overlay\"><\/div><div class=\"uagb-column__inner-wrap\">\n<section class=\"wp-block-uagb-columns uagb-columns__wrap uagb-columns__background-color uagb-columns__stack-tablet uagb-columns__valign-center uagb-columns__gap-0 alignundefined uagb-block-9412e8e9 ml-10 mr-10\"><div class=\"uagb-columns__overlay\"><\/div><div class=\"uagb-columns__inner-wrap uagb-columns__columns-2\">\n<div class=\"wp-block-uagb-column uagb-column__wrap uagb-column__background-color uagb-block-fe5d4fcd\"><div class=\"uagb-column__overlay\"><\/div><div class=\"uagb-column__inner-wrap\">\n<p><\/p>\n\n\n\n<figure class=\"wp-block-image size-full is-resized\"><img loading=\"lazy\" decoding=\"async\" src=\"https:\/\/securicam.co\/wp-content\/uploads\/2022\/02\/capture-cam.gif\" alt=\"\" class=\"wp-image-3126\" width=\"506\" height=\"331\"\/><\/figure>\n\n\n\n<p><\/p>\n<\/div><\/div>\n\n\n\n<div class=\"wp-block-uagb-column uagb-column__wrap uagb-column__background-color uagb-block-1fdf3095\"><div class=\"uagb-column__overlay\"><\/div><div class=\"uagb-column__inner-wrap\">\n<h4 class=\"has-text-align-left wp-block-heading\"><strong><strong><strong><strong>Combate \u00e0 condu\u00e7\u00e3o distra\u00edda<\/strong><\/strong><\/strong><\/strong><\/h4>\n\n\n\n<p class=\"has-text-align-left\">A c\u00e2mara detecta diferentes tipos de distra\u00e7\u00e3o (desaten\u00e7\u00e3o, fadiga, tabagismo, consumo de \u00e1lcool, n\u00e3o utiliza\u00e7\u00e3o do cinto de seguran\u00e7a, etc.). Alertas sonoros e um pictograma indicando a natureza do risco detectado chamam a aten\u00e7\u00e3o do condutor para que este possa corrigir imediatamente o seu comportamento.<\/p>\n\n\n\n<p><\/p>\n<\/div><\/div>\n<\/div><\/section>\n\n\n\n<p><\/p>\n<\/div><\/div>\n<\/div><\/section>\n\n\n\n<section class=\"wp-block-uagb-columns uagb-columns__wrap uagb-columns__background-color uagb-columns__stack-tablet uagb-columns__valign-undefined uagb-columns__gap-10 alignundefined uagb-block-b0373773\"><div class=\"uagb-columns__overlay\"><\/div><div class=\"uagb-columns__inner-wrap uagb-columns__columns-2\">\n<div class=\"wp-block-uagb-column uagb-column__wrap uagb-column__background-color uagb-block-49ce25e9\"><div class=\"uagb-column__overlay\"><\/div><div class=\"uagb-column__inner-wrap\">\n<h4 class=\"has-text-align-left wp-block-heading\"><strong><strong><strong> <strong><strong><strong><strong>Reduzir reclama\u00e7\u00f5es e custos de seguro<\/strong><\/strong><\/strong><\/strong> <\/strong><\/strong><\/strong><\/h4>\n\n\n\n<p class=\"has-text-align-left\">Aceda aos v\u00eddeos em qualquer altura, at\u00e9 30 dias depois de terem sido captados. Partilhe-os de forma simples e segura para fornecer provas irrefut\u00e1veis do que realmente aconteceu.<\/p>\n<\/div><\/div>\n\n\n\n<div class=\"wp-block-uagb-column uagb-column__wrap uagb-column__background-color uagb-block-9700114a\"><div class=\"uagb-column__overlay\"><\/div><div class=\"uagb-column__inner-wrap\">\n<p><\/p>\n\n\n\n<div class=\"wp-block-image\"><figure class=\"alignright size-full\"><img loading=\"lazy\" decoding=\"async\" width=\"684\" height=\"376\" src=\"https:\/\/securicam.co\/wp-content\/uploads\/2022\/02\/assurance-1.gif\" alt=\"\" class=\"wp-image-3211\"\/><\/figure><\/div>\n<\/div><\/div>\n<\/div><\/section>\n\n\n\n<div style=\"height:100px\" aria-hidden=\"true\" class=\"wp-block-spacer\"><\/div>\n\n\n\n<section class=\"wp-block-uagb-columns uagb-columns__wrap uagb-columns__background-color uagb-columns__stack-mobile uagb-columns__valign-undefined uagb-columns__gap-10 alignfull uagb-block-172aa960\"><div class=\"uagb-columns__overlay\"><\/div><div class=\"uagb-columns__inner-wrap uagb-columns__columns-1\">\n<div class=\"wp-block-uagb-column uagb-column__wrap uagb-column__background-undefined uagb-block-5355fee9 container\"><div class=\"uagb-column__overlay\"><\/div><div class=\"uagb-column__inner-wrap\">\n<section class=\"wp-block-uagb-columns uagb-columns__wrap uagb-columns__background-color uagb-columns__stack-tablet uagb-columns__valign-center uagb-columns__gap-0 alignundefined uagb-block-56f65c93 ml-10 mr-10\"><div class=\"uagb-columns__overlay\"><\/div><div class=\"uagb-columns__inner-wrap uagb-columns__columns-2\">\n<div class=\"wp-block-uagb-column uagb-column__wrap uagb-column__background-color uagb-block-8969af96\"><div class=\"uagb-column__overlay\"><\/div><div class=\"uagb-column__inner-wrap\">\n<figure class=\"wp-block-image size-full\"><img loading=\"lazy\" decoding=\"async\" width=\"683\" height=\"374\" src=\"https:\/\/securicam.co\/wp-content\/uploads\/2022\/02\/carte.gif\" alt=\"\" class=\"wp-image-3207\"\/><\/figure>\n\n\n\n<p><\/p>\n<\/div><\/div>\n\n\n\n<div class=\"wp-block-uagb-column uagb-column__wrap uagb-column__background-color uagb-block-5b9f9fbd\"><div class=\"uagb-column__overlay\"><\/div><div class=\"uagb-column__inner-wrap\">\n<h4 class=\"has-text-align-left wp-block-heading\"><strong><strong><strong><strong> <strong><strong><strong>Arquivamento de eventos<\/strong><\/strong><\/strong> <\/strong><\/strong><\/strong><\/strong><\/h4>\n\n\n\n<p class=\"has-text-align-left\">Localizar ve\u00edculos e hist\u00f3rico de percursos num mapa: hist\u00f3rico detalhado da viagem, data, hora, altitude, velocidade e comportamento de condu\u00e7\u00e3o arriscado. <\/p>\n\n\n\n<p><\/p>\n<\/div><\/div>\n<\/div><\/section>\n\n\n\n<p><\/p>\n<\/div><\/div>\n<\/div><\/section>","protected":false},"excerpt":{"rendered":"","protected":false},"author":12,"featured_media":0,"parent":0,"menu_order":0,"comment_status":"closed","ping_status":"closed","template":"page-without-title.php","meta":{"_coblocks_attr":"","_coblocks_dimensions":"","_coblocks_responsive_height":"","_coblocks_accordion_ie_support":"","footnotes":""},"yoast_head":"<!-- This site is optimized with the Yoast SEO plugin v22.0 - https:\/\/yoast.com\/wordpress\/plugins\/seo\/ -->\n<title>B\u00c9N\u00c9FICES - SECURICAM<\/title>\n<meta name=\"description\" content=\"Initi\u00e9s dans le cadre de la LOM, deux dispositifs ont ainsi \u00e9t\u00e9 \u00e9labor\u00e9s\u202f: le Forfait Mobilit\u00e9 Durable et le Cr\u00e9dit Mobilit\u00e9.\u00a0\" \/>\n<meta name=\"robots\" content=\"index, follow, max-snippet:-1, max-image-preview:large, max-video-preview:-1\" \/>\n<link rel=\"canonical\" href=\"https:\/\/securicam.co\/pt\/benefices-camera-embarquee\/\" \/>\n<meta property=\"og:locale\" content=\"pt_PT\" \/>\n<meta property=\"og:type\" content=\"article\" \/>\n<meta property=\"og:title\" content=\"B\u00c9N\u00c9FICES - SECURICAM\" \/>\n<meta property=\"og:description\" content=\"Initi\u00e9s dans le cadre de la LOM, deux dispositifs ont ainsi \u00e9t\u00e9 \u00e9labor\u00e9s\u202f: le Forfait Mobilit\u00e9 Durable et le Cr\u00e9dit Mobilit\u00e9.\u00a0\" \/>\n<meta property=\"og:url\" content=\"https:\/\/securicam.co\/pt\/benefices-camera-embarquee\/\" \/>\n<meta property=\"og:site_name\" content=\"SECURICAM\" \/>\n<meta property=\"article:modified_time\" content=\"2022-04-26T15:05:18+00:00\" \/>\n<meta property=\"og:image\" content=\"https:\/\/securicam.co\/wp-content\/uploads\/2022\/02\/incident-ceinture2.gif\" \/>\n<meta name=\"twitter:card\" content=\"summary_large_image\" \/>\n<meta name=\"twitter:label1\" content=\"Tempo estimado de leitura\" \/>\n\t<meta name=\"twitter:data1\" content=\"2 minutos\" \/>\n<script type=\"application\/ld+json\" class=\"yoast-schema-graph\">{\"@context\":\"https:\/\/schema.org\",\"@graph\":[{\"@type\":\"WebPage\",\"@id\":\"https:\/\/securicam.co\/benefices-camera-embarquee\/\",\"url\":\"https:\/\/securicam.co\/benefices-camera-embarquee\/\",\"name\":\"B\u00c9N\u00c9FICES - SECURICAM\",\"isPartOf\":{\"@id\":\"https:\/\/securicam.co\/#website\"},\"datePublished\":\"2021-10-26T08:30:18+00:00\",\"dateModified\":\"2022-04-26T15:05:18+00:00\",\"description\":\"Initi\u00e9s dans le cadre de la LOM, deux dispositifs ont ainsi \u00e9t\u00e9 \u00e9labor\u00e9s\u202f: le Forfait Mobilit\u00e9 Durable et le Cr\u00e9dit Mobilit\u00e9.\u00a0\",\"inLanguage\":\"pt-PT\",\"potentialAction\":[{\"@type\":\"ReadAction\",\"target\":[\"https:\/\/securicam.co\/benefices-camera-embarquee\/\"]}]},{\"@type\":\"WebSite\",\"@id\":\"https:\/\/securicam.co\/#website\",\"url\":\"https:\/\/securicam.co\/\",\"name\":\"SECURICAM\",\"description\":\"CAM\u00c9RA EMBARQU\u00c9E  POUR V\u00c9HICULES PROFES\u00adSIONNELS\",\"potentialAction\":[{\"@type\":\"SearchAction\",\"target\":{\"@type\":\"EntryPoint\",\"urlTemplate\":\"https:\/\/securicam.co\/?s={search_term_string}\"},\"query-input\":\"required name=search_term_string\"}],\"inLanguage\":\"pt-PT\"}]}<\/script>\n<!-- \/ Yoast SEO plugin. -->","yoast_head_json":{"title":"B\u00c9N\u00c9FICES - SECURICAM","description":"Initi\u00e9s dans le cadre de la LOM, deux dispositifs ont ainsi \u00e9t\u00e9 \u00e9labor\u00e9s\u202f: le Forfait Mobilit\u00e9 Durable et le Cr\u00e9dit Mobilit\u00e9.\u00a0","robots":{"index":"index","follow":"follow","max-snippet":"max-snippet:-1","max-image-preview":"max-image-preview:large","max-video-preview":"max-video-preview:-1"},"canonical":"https:\/\/securicam.co\/pt\/benefices-camera-embarquee\/","og_locale":"pt_PT","og_type":"article","og_title":"B\u00c9N\u00c9FICES - SECURICAM","og_description":"Initi\u00e9s dans le cadre de la LOM, deux dispositifs ont ainsi \u00e9t\u00e9 \u00e9labor\u00e9s\u202f: le Forfait Mobilit\u00e9 Durable et le Cr\u00e9dit Mobilit\u00e9.\u00a0","og_url":"https:\/\/securicam.co\/pt\/benefices-camera-embarquee\/","og_site_name":"SECURICAM","article_modified_time":"2022-04-26T15:05:18+00:00","og_image":[{"url":"https:\/\/securicam.co\/wp-content\/uploads\/2022\/02\/incident-ceinture2.gif"}],"twitter_card":"summary_large_image","twitter_misc":{"Tempo estimado de leitura":"2 minutos"},"schema":{"@context":"https:\/\/schema.org","@graph":[{"@type":"WebPage","@id":"https:\/\/securicam.co\/benefices-camera-embarquee\/","url":"https:\/\/securicam.co\/benefices-camera-embarquee\/","name":"B\u00c9N\u00c9FICES - SECURICAM","isPartOf":{"@id":"https:\/\/securicam.co\/#website"},"datePublished":"2021-10-26T08:30:18+00:00","dateModified":"2022-04-26T15:05:18+00:00","description":"Initi\u00e9s dans le cadre de la LOM, deux dispositifs ont ainsi \u00e9t\u00e9 \u00e9labor\u00e9s\u202f: le Forfait Mobilit\u00e9 Durable et le Cr\u00e9dit Mobilit\u00e9.\u00a0","inLanguage":"pt-PT","potentialAction":[{"@type":"ReadAction","target":["https:\/\/securicam.co\/benefices-camera-embarquee\/"]}]},{"@type":"WebSite","@id":"https:\/\/securicam.co\/#website","url":"https:\/\/securicam.co\/","name":"SECURICAM","description":"CAM\u00c9RA EMBARQU\u00c9E  POUR V\u00c9HICULES PROFES\u00adSIONNELS","potentialAction":[{"@type":"SearchAction","target":{"@type":"EntryPoint","urlTemplate":"https:\/\/securicam.co\/?s={search_term_string}"},"query-input":"required name=search_term_string"}],"inLanguage":"pt-PT"}]}},"uagb_featured_image_src":{"full":false,"thumbnail":false,"medium":false,"medium_large":false,"large":false,"1536x1536":false,"2048x2048":false,"trp-custom-language-flag":false},"uagb_author_info":{"display_name":"Camaleon","author_link":"https:\/\/securicam.co\/pt\/author\/camaleon\/"},"uagb_comment_info":0,"uagb_excerpt":null,"_links":{"self":[{"href":"https:\/\/securicam.co\/pt\/wp-json\/wp\/v2\/pages\/778"}],"collection":[{"href":"https:\/\/securicam.co\/pt\/wp-json\/wp\/v2\/pages"}],"about":[{"href":"https:\/\/securicam.co\/pt\/wp-json\/wp\/v2\/types\/page"}],"author":[{"embeddable":true,"href":"https:\/\/securicam.co\/pt\/wp-json\/wp\/v2\/users\/12"}],"replies":[{"embeddable":true,"href":"https:\/\/securicam.co\/pt\/wp-json\/wp\/v2\/comments?post=778"}],"version-history":[{"count":206,"href":"https:\/\/securicam.co\/pt\/wp-json\/wp\/v2\/pages\/778\/revisions"}],"predecessor-version":[{"id":3640,"href":"https:\/\/securicam.co\/pt\/wp-json\/wp\/v2\/pages\/778\/revisions\/3640"}],"wp:attachment":[{"href":"https:\/\/securicam.co\/pt\/wp-json\/wp\/v2\/media?parent=778"}],"curies":[{"name":"wp","href":"https:\/\/api.w.org\/{rel}","templated":true}]}}