{"id":204,"date":"2020-02-11T16:32:33","date_gmt":"2020-02-11T15:32:33","guid":{"rendered":"https:\/\/mobility.optimum-automotive.com\/?page_id=204"},"modified":"2022-04-28T15:45:18","modified_gmt":"2022-04-28T13:45:18","slug":"conditions-generales-dutilisations","status":"publish","type":"page","link":"https:\/\/securicam.co\/pt\/conditions-generales-dutilisations\/","title":{"rendered":"Termos e condi\u00e7\u00f5es de uso"},"content":{"rendered":"<p>O objectivo das presentes \"condi\u00e7\u00f5es gerais de utiliza\u00e7\u00e3o\" \u00e9 proporcionar um enquadramento legal para os termos e condi\u00e7\u00f5es de disponibiliza\u00e7\u00e3o dos servi\u00e7os do site e para a sua utiliza\u00e7\u00e3o pelo \"Utilizador\". As condi\u00e7\u00f5es gerais de utiliza\u00e7\u00e3o devem ser aceites por qualquer Utilizador que deseje aceder ao site. Eles constituem o contrato entre o site e o Utilizador. O acesso ao site pelo Usu\u00e1rio significa a aceita\u00e7\u00e3o destes termos e condi\u00e7\u00f5es de uso. Reservamo-nos o direito de modificar unilateralmente o conte\u00fado destes termos e condi\u00e7\u00f5es a qualquer momento.<\/p>\n\n\n\n<h2 class=\"wp-block-heading\"> Defini\u00e7\u00f5es <\/h2>\n\n\n\n<p>O objectivo desta cl\u00e1usula \u00e9 definir os v\u00e1rios termos essenciais do contrato:<\/p>\n\n\n\n<ul><li>Usu\u00e1rio: este termo refere-se a qualquer pessoa que utilize o site ou qualquer um dos servi\u00e7os oferecidos pelo site.<\/li><li>Conte\u00fado do usu\u00e1rio: estes s\u00e3o os dados transmitidos pelo usu\u00e1rio dentro do site.<\/li><li>Membro: o Usu\u00e1rio se torna um membro quando \u00e9 identificado no site.<\/li><li> E-mail e senha: esta \u00e9 toda a informa\u00e7\u00e3o necess\u00e1ria para identificar um Usu\u00e1rio no site. O endere\u00e7o de e-mail e a senha permitem ao Usu\u00e1rio acessar os servi\u00e7os reservados aos membros do site. A senha \u00e9 confidencial.<\/li><\/ul>\n\n\n\n<h2 class=\"wp-block-heading\">Acesso aos servi\u00e7os<\/h2>\n\n\n\n<p>O site \u00e9 acess\u00edvel gratuitamente em qualquer local a qualquer Utilizador com acesso \u00e0 Internet. Todos os custos incorridos pelo Utilizador no acesso ao servi\u00e7o (hardware do computador, software, liga\u00e7\u00e3o \u00e0 Internet, etc.) ficam a cargo do Utilizador. Consoante o caso : O Utilizador n\u00e3o membro n\u00e3o tem acesso aos servi\u00e7os reservados aos membros. Para o fazer, devem identificar-se utilizando o seu endere\u00e7o de correio electr\u00f3nico e palavra-passe. O site utiliza todos os meios \u00e0 sua disposi\u00e7\u00e3o para garantir um acesso de qualidade aos seus servi\u00e7os. Uma vez que a obriga\u00e7\u00e3o \u00e9 um dos meios, o site n\u00e3o se compromete a alcan\u00e7ar este resultado. Qualquer evento devido a um caso de for\u00e7a maior que resulte num mau funcionamento da rede ou do servidor n\u00e3o envolve a responsabilidade do propriet\u00e1rio do site. O acesso aos servi\u00e7os do s\u00edtio pode ser interrompido, suspenso ou modificado em qualquer altura sem aviso pr\u00e9vio para manuten\u00e7\u00e3o ou qualquer outro motivo. O Utilizador compromete-se a n\u00e3o reclamar qualquer indemniza\u00e7\u00e3o ap\u00f3s a interrup\u00e7\u00e3o, suspens\u00e3o ou modifica\u00e7\u00e3o do presente contrato. O Utilizador pode contactar o gestor do site aqui: <a href=\"https:\/\/securicam.co\/pt\/contact\/\">Contato<\/a><\/p>\n\n\n\n<h2 class=\"wp-block-heading\">Propriedade intelectual<\/h2>\n\n\n\n<p>As marcas, logotipos, sinais e qualquer outro conte\u00fado do site s\u00e3o protegidos pelo C\u00f3digo da Propriedade Intelectual e mais particularmente pelos direitos autorais. O Utilizador solicita autoriza\u00e7\u00e3o pr\u00e9via do site para qualquer reprodu\u00e7\u00e3o, publica\u00e7\u00e3o ou c\u00f3pia dos diversos conte\u00fados. O Utilizador compromete-se a utilizar o conte\u00fado do site num contexto estritamente privado. Qualquer uso do conte\u00fado para fins comerciais \u00e9 estritamente proibido. Qualquer conte\u00fado colocado online pelo Utilizador \u00e9 da sua exclusiva responsabilidade. O Utilizador compromete-se a n\u00e3o colocar on-line qualquer conte\u00fado que possa prejudicar os interesses de terceiros. Qualquer ac\u00e7\u00e3o legal tomada por um terceiro lesado contra o site ser\u00e1 suportada pelo Utilizador. O conte\u00fado do usu\u00e1rio pode ser removido ou modificado pelo site a qualquer momento e por qualquer motivo. O Usu\u00e1rio n\u00e3o receber\u00e1 nenhuma justificativa ou notifica\u00e7\u00e3o antes da elimina\u00e7\u00e3o ou modifica\u00e7\u00e3o do Conte\u00fado do Usu\u00e1rio.<\/p>\n\n\n\n<h2 class=\"wp-block-heading\">Responsabilidade civil e for\u00e7a maior<\/h2>\n\n\n\n<p>As fontes das informa\u00e7\u00f5es publicadas no site s\u00e3o consideradas confi\u00e1veis. No entanto, o site reserva-se o direito de n\u00e3o garantir a fiabilidade das fontes. As informa\u00e7\u00f5es fornecidas no site s\u00e3o apenas para fins informativos. Assim, o Utilizador assume sozinho toda a responsabilidade pela utiliza\u00e7\u00e3o das informa\u00e7\u00f5es e conte\u00fados deste site. O Utilizador deve garantir que a sua palavra-passe \u00e9 mantida em segredo. Qualquer divulga\u00e7\u00e3o da senha, seja qual for a forma, \u00e9 proibida. O Usu\u00e1rio assume todos os riscos associados ao uso de seu endere\u00e7o de e-mail e senha. O site declina toda a responsabilidade. Qualquer utiliza\u00e7\u00e3o do servi\u00e7o pelo Utilizador que, directa ou indirectamente, resulte em danos deve ser compensada pelo site. O site n\u00e3o garante a m\u00e1xima seguran\u00e7a e confidencialidade dos dados transmitidos. No entanto, o site compromete-se a utilizar todos os meios necess\u00e1rios para garantir a seguran\u00e7a e confidencialidade dos dados da melhor forma poss\u00edvel. O site n\u00e3o pode ser responsabilizado em caso de for\u00e7a maior ou de acto imprevis\u00edvel e insuper\u00e1vel de um terceiro.<\/p>\n\n\n\n<h2 class=\"wp-block-heading\">Hiperliga\u00e7\u00f5es<\/h2>\n\n\n\n<p>Muitos links de hipertexto de sa\u00edda est\u00e3o presentes no site, por\u00e9m as p\u00e1ginas web onde esses links levam n\u00e3o envolvem a responsabilidade do propriet\u00e1rio do site que n\u00e3o tem controle sobre esses links. O Utilizador abst\u00e9m-se, portanto, de assumir a responsabilidade do site relativamente ao conte\u00fado e aos recursos relacionados com estes links de hipertexto de sa\u00edda. <\/p>\n\n\n\n<h2 class=\"wp-block-heading\">Evolu\u00e7\u00e3o do contrato<\/h2>\n\n\n\n<p>N\u00f3s nos reservamos o direito de alterar os termos deste contrato a qualquer momento. A dura\u00e7\u00e3o deste contrato \u00e9 indefinida. O contrato \u00e9 efetivo para o Usu\u00e1rio a partir do momento de utiliza\u00e7\u00e3o do servi\u00e7o.<\/p>\n\n\n\n<h2 class=\"wp-block-heading\">Lei aplic\u00e1vel e jurisdi\u00e7\u00e3o<\/h2>\n\n\n\n<p>A lei francesa aplica-se a este contrato. Em caso de n\u00e3o resolu\u00e7\u00e3o amig\u00e1vel de um lit\u00edgio entre as partes, os tribunais ter\u00e3o jurisdi\u00e7\u00e3o exclusiva.<\/p>\n\n\n\n<div style=\"height:50px\" aria-hidden=\"true\" class=\"wp-block-spacer\"><\/div>","protected":false},"excerpt":{"rendered":"<p>As presentes \"condi\u00e7\u00f5es gerais de utiliza\u00e7\u00e3o\" t\u00eam por objetivo enquadrar juridicamente as condi\u00e7\u00f5es de disponibiliza\u00e7\u00e3o e de utiliza\u00e7\u00e3o dos servi\u00e7os do s\u00edtio pelo \"Utilizador\". As condi\u00e7\u00f5es gerais de utiliza\u00e7\u00e3o devem ser aceites por qualquer Utilizador que pretenda aceder ao s\u00edtio. Constituem o contrato entre o s\u00edtio e o Utilizador. O acesso ao s\u00edtio [...]<\/p>","protected":false},"author":12,"featured_media":0,"parent":0,"menu_order":0,"comment_status":"closed","ping_status":"closed","template":"","meta":{"_coblocks_attr":"","_coblocks_dimensions":"","_coblocks_responsive_height":"","_coblocks_accordion_ie_support":"","footnotes":""},"yoast_head":"<!-- This site is optimized with the Yoast SEO plugin v22.0 - https:\/\/yoast.com\/wordpress\/plugins\/seo\/ -->\n<title>Conditions g\u00e9n\u00e9rales d&#039;utilisations - SECURICAM<\/title>\n<meta name=\"robots\" content=\"index, follow, max-snippet:-1, max-image-preview:large, max-video-preview:-1\" \/>\n<link rel=\"canonical\" href=\"https:\/\/securicam.co\/pt\/conditions-generales-dutilisations\/\" \/>\n<meta property=\"og:locale\" content=\"pt_PT\" \/>\n<meta property=\"og:type\" content=\"article\" \/>\n<meta property=\"og:title\" content=\"Conditions g\u00e9n\u00e9rales d&#039;utilisations - SECURICAM\" \/>\n<meta property=\"og:description\" content=\"Les pr\u00e9sentes \u00ab conditions g\u00e9n\u00e9rales d&rsquo;utilisation \u00bb ont pour objet l&rsquo;encadrement juridique des modalit\u00e9s de mise \u00e0 disposition des services du site internet et leur utilisation par \u00ab l&rsquo;Utilisateur \u00bb. Les conditions g\u00e9n\u00e9rales d&rsquo;utilisation doivent \u00eatre accept\u00e9es par tout Utilisateur souhaitant acc\u00e9der au site. Elles constituent le contrat entre le site et l&rsquo;Utilisateur. L\u2019acc\u00e8s au [&hellip;]\" \/>\n<meta property=\"og:url\" content=\"https:\/\/securicam.co\/pt\/conditions-generales-dutilisations\/\" \/>\n<meta property=\"og:site_name\" content=\"SECURICAM\" \/>\n<meta property=\"article:modified_time\" content=\"2022-04-28T13:45:18+00:00\" \/>\n<meta name=\"twitter:card\" content=\"summary_large_image\" \/>\n<meta name=\"twitter:label1\" content=\"Tempo estimado de leitura\" \/>\n\t<meta name=\"twitter:data1\" content=\"4 minutos\" \/>\n<script type=\"application\/ld+json\" class=\"yoast-schema-graph\">{\"@context\":\"https:\/\/schema.org\",\"@graph\":[{\"@type\":\"WebPage\",\"@id\":\"https:\/\/securicam.co\/conditions-generales-dutilisations\/\",\"url\":\"https:\/\/securicam.co\/conditions-generales-dutilisations\/\",\"name\":\"Conditions g\u00e9n\u00e9rales d'utilisations - SECURICAM\",\"isPartOf\":{\"@id\":\"https:\/\/securicam.co\/#website\"},\"datePublished\":\"2020-02-11T15:32:33+00:00\",\"dateModified\":\"2022-04-28T13:45:18+00:00\",\"inLanguage\":\"pt-PT\",\"potentialAction\":[{\"@type\":\"ReadAction\",\"target\":[\"https:\/\/securicam.co\/conditions-generales-dutilisations\/\"]}]},{\"@type\":\"WebSite\",\"@id\":\"https:\/\/securicam.co\/#website\",\"url\":\"https:\/\/securicam.co\/\",\"name\":\"SECURICAM\",\"description\":\"CAM\u00c9RA EMBARQU\u00c9E  POUR V\u00c9HICULES PROFES\u00adSIONNELS\",\"potentialAction\":[{\"@type\":\"SearchAction\",\"target\":{\"@type\":\"EntryPoint\",\"urlTemplate\":\"https:\/\/securicam.co\/?s={search_term_string}\"},\"query-input\":\"required name=search_term_string\"}],\"inLanguage\":\"pt-PT\"}]}<\/script>\n<!-- \/ Yoast SEO plugin. -->","yoast_head_json":{"title":"Conditions g\u00e9n\u00e9rales d'utilisations - SECURICAM","robots":{"index":"index","follow":"follow","max-snippet":"max-snippet:-1","max-image-preview":"max-image-preview:large","max-video-preview":"max-video-preview:-1"},"canonical":"https:\/\/securicam.co\/pt\/conditions-generales-dutilisations\/","og_locale":"pt_PT","og_type":"article","og_title":"Conditions g\u00e9n\u00e9rales d'utilisations - SECURICAM","og_description":"Les pr\u00e9sentes \u00ab conditions g\u00e9n\u00e9rales d&rsquo;utilisation \u00bb ont pour objet l&rsquo;encadrement juridique des modalit\u00e9s de mise \u00e0 disposition des services du site internet et leur utilisation par \u00ab l&rsquo;Utilisateur \u00bb. Les conditions g\u00e9n\u00e9rales d&rsquo;utilisation doivent \u00eatre accept\u00e9es par tout Utilisateur souhaitant acc\u00e9der au site. Elles constituent le contrat entre le site et l&rsquo;Utilisateur. L\u2019acc\u00e8s au [&hellip;]","og_url":"https:\/\/securicam.co\/pt\/conditions-generales-dutilisations\/","og_site_name":"SECURICAM","article_modified_time":"2022-04-28T13:45:18+00:00","twitter_card":"summary_large_image","twitter_misc":{"Tempo estimado de leitura":"4 minutos"},"schema":{"@context":"https:\/\/schema.org","@graph":[{"@type":"WebPage","@id":"https:\/\/securicam.co\/conditions-generales-dutilisations\/","url":"https:\/\/securicam.co\/conditions-generales-dutilisations\/","name":"Conditions g\u00e9n\u00e9rales d'utilisations - SECURICAM","isPartOf":{"@id":"https:\/\/securicam.co\/#website"},"datePublished":"2020-02-11T15:32:33+00:00","dateModified":"2022-04-28T13:45:18+00:00","inLanguage":"pt-PT","potentialAction":[{"@type":"ReadAction","target":["https:\/\/securicam.co\/conditions-generales-dutilisations\/"]}]},{"@type":"WebSite","@id":"https:\/\/securicam.co\/#website","url":"https:\/\/securicam.co\/","name":"SECURICAM","description":"CAM\u00c9RA EMBARQU\u00c9E  POUR V\u00c9HICULES PROFES\u00adSIONNELS","potentialAction":[{"@type":"SearchAction","target":{"@type":"EntryPoint","urlTemplate":"https:\/\/securicam.co\/?s={search_term_string}"},"query-input":"required name=search_term_string"}],"inLanguage":"pt-PT"}]}},"uagb_featured_image_src":{"full":false,"thumbnail":false,"medium":false,"medium_large":false,"large":false,"1536x1536":false,"2048x2048":false,"trp-custom-language-flag":false},"uagb_author_info":{"display_name":"Camaleon","author_link":"https:\/\/securicam.co\/pt\/author\/camaleon\/"},"uagb_comment_info":0,"uagb_excerpt":"Les pr\u00e9sentes \u00ab conditions g\u00e9n\u00e9rales d&rsquo;utilisation \u00bb ont pour objet l&rsquo;encadrement juridique des modalit\u00e9s de mise \u00e0 disposition des services du site internet et leur utilisation par \u00ab l&rsquo;Utilisateur \u00bb. Les conditions g\u00e9n\u00e9rales d&rsquo;utilisation doivent \u00eatre accept\u00e9es par tout Utilisateur souhaitant acc\u00e9der au site. Elles constituent le contrat entre le site et l&rsquo;Utilisateur. L\u2019acc\u00e8s au&hellip;","_links":{"self":[{"href":"https:\/\/securicam.co\/pt\/wp-json\/wp\/v2\/pages\/204"}],"collection":[{"href":"https:\/\/securicam.co\/pt\/wp-json\/wp\/v2\/pages"}],"about":[{"href":"https:\/\/securicam.co\/pt\/wp-json\/wp\/v2\/types\/page"}],"author":[{"embeddable":true,"href":"https:\/\/securicam.co\/pt\/wp-json\/wp\/v2\/users\/12"}],"replies":[{"embeddable":true,"href":"https:\/\/securicam.co\/pt\/wp-json\/wp\/v2\/comments?post=204"}],"version-history":[{"count":3,"href":"https:\/\/securicam.co\/pt\/wp-json\/wp\/v2\/pages\/204\/revisions"}],"predecessor-version":[{"id":3655,"href":"https:\/\/securicam.co\/pt\/wp-json\/wp\/v2\/pages\/204\/revisions\/3655"}],"wp:attachment":[{"href":"https:\/\/securicam.co\/pt\/wp-json\/wp\/v2\/media?parent=204"}],"curies":[{"name":"wp","href":"https:\/\/api.w.org\/{rel}","templated":true}]}}