{"id":8,"date":"2016-07-28T09:32:49","date_gmt":"2016-07-28T07:32:49","guid":{"rendered":"https:\/\/mobility.optimum-automotive.com\/?page_id=8"},"modified":"2024-02-06T17:30:30","modified_gmt":"2024-02-06T16:30:30","slug":"mentions-legales","status":"publish","type":"page","link":"https:\/\/securicam.co\/it\/mentions-legales\/","title":{"rendered":"Informazioni legali"},"content":{"rendered":"<p>Si prega di leggere attentamente queste condizioni d'uso prima di utilizzare questo sito. Accedendo a questo sito, accettate questi termini e condizioni senza riserve.<\/p>\n<h2>Il sito <a href=\"https:\/\/securicam.co\/it\/\">securicam.co<\/a> \u00e8 la propriet\u00e0 di :<\/h2>\n<p><strong>Optimum Corporation<br \/><\/strong>190 rue Marcelle Isoard, 13090 AIX EN PROVENCE - FRANCIA<br \/>Tel: +33 1 70 20 02 64<br \/>E-mail : <a href=\"mailto:contact@optimum-automotive.com\">contact@optimum-automotive.com<\/a><br \/>SAS con capitale di 3.640.168 euro<br \/>RCS Aix-en-Provence 830 841 235<br \/>Partita IVA intracomunitaria: FR77830841235<br \/>Rappresentante legale: Daniel VASSALLUCCI - CEO<br \/>Direttore della pubblicazione: Franck GAULTIER - Direttore Marketing e Comunicazione<\/p>\n<p>\u00a0<\/p>\n<h2>Creatore e redattore del sito web<\/h2>\n<p>Sito web creato da Optimum Automotive<\/p>\n<h2>Condizioni d'uso<\/h2>\n<p>Il sito \u00e8 gestito in conformit\u00e0 con la legge francese. L'uso di questo sito \u00e8 regolato dalle presenti condizioni generali. <a href=\"https:\/\/transports-andco.com\/\">\u00a0<\/a> Utilizzando il sito, l'utente riconosce di aver letto e accettato queste condizioni. Queste condizioni possono essere modificate in qualsiasi momento e senza preavviso dall'editore del sito.<br \/>Il proprietario del sito non pu\u00f2 essere ritenuto responsabile in alcun modo dell'uso improprio del servizio.<\/p>\n<h2>Limitazione di responsabilit\u00e0<\/h2>\n<p>Le informazioni contenute in questo sito sono il pi\u00f9 accurate possibile e il sito viene periodicamente aggiornato, ma pu\u00f2 contenere imprecisioni, omissioni o lacune. Se notate una lacuna, un errore o ci\u00f2 che sembra essere un malfunzionamento, vi preghiamo di segnalarlo via e-mail, descrivendo il problema nel modo pi\u00f9 preciso possibile (pagina che causa il problema, azione scatenante, tipo di computer e browser utilizzato, ecc.)<\/p>\n<p>Qualsiasi contenuto scaricato \u00e8 fatto a rischio e pericolo dell'utente e sotto la sua sola responsabilit\u00e0. Di conseguenza, il proprietario del sito non pu\u00f2 essere ritenuto responsabile di eventuali danni al computer dell'utente o di eventuali perdite di dati derivanti dal download.<\/p>\n<p>Le foto non sono contrattuali.<\/p>\n<p>I collegamenti ipertestuali stabiliti nell'ambito del presente sito verso altre risorse presenti sulla rete Internet non possono impegnare la responsabilit\u00e0 del proprietario del sito<\/p>\n<h2>Contenzioso<\/h2>\n<p>Le presenti condizioni sono regolate dalla legge francese e qualsiasi controversia o contenzioso che possa derivare dall'interpretazione o dall'esecuzione delle presenti condizioni sar\u00e0 sotto la giurisdizione esclusiva dei tribunali da cui dipende la sede legale del proprietario del sito web. La lingua di riferimento per la risoluzione di eventuali controversie \u00e8 il francese.<\/p>\n<h2>Diritto di accesso<\/h2>\n<p>In applicazione di questa legge, gli utenti di Internet hanno il diritto di accedere, rettificare, modificare e cancellare i dati che li riguardano personalmente. Questo diritto pu\u00f2 essere esercitato contattando il gestore del sito web: <a href=\"https:\/\/securicam.co\/it\/contact\/\">Contatta il direttore<\/a>.<br \/>Le informazioni personali raccolte non sono in nessun caso affidate a terzi se non per l'eventuale corretta esecuzione del servizio ordinato dall'utente Internet.<\/p>\n<h2>Privacy<\/h2>\n<p>I suoi dati personali sono riservati e non saranno comunicati a terzi se non per la corretta esecuzione del servizio.<\/p>\n<h2>Propriet\u00e0 intellettuale<\/h2>\n<p>Per qualsiasi richiesta di autorizzazione o informazione, contattateci: <a href=\"https:\/\/securicam.co\/it\/contact\/\">contattare<\/a>. Sono previste condizioni specifiche per la stampa.<\/p>\n<p>Alcune illustrazioni sono state acquisite da stock.adobe.com.<\/p>\n<h2>Collegamenti ipertestuali<\/h2>\n<p>Il sito web pu\u00f2 offrire collegamenti ad altri siti web o altre risorse disponibili su Internet.<\/p>\n<p>Il proprietario del sito non ha mezzi per controllare i siti collegati ai suoi siti web. Il proprietario del sito non garantisce la disponibilit\u00e0 di tali siti e fonti esterne. Non pu\u00f2 essere ritenuta responsabile di eventuali danni, di qualsiasi natura, derivanti dal contenuto di questi siti o fonti esterne, e in particolare dalle informazioni, prodotti o servizi che offrono, o da qualsiasi uso che pu\u00f2 essere fatto di questi elementi. I rischi associati a questo uso sono completamente a carico dell'utente di Internet, che deve rispettare le loro condizioni d'uso.<\/p>\n\n\n<h2 class=\"wp-block-heading\">Cookie<\/h2>\n\n\n\n<p>Questo sito utilizza i cookie - piccoli file di testo che vengono collocati sulla vostra macchina per aiutare il sito a fornire una migliore esperienza utente. In generale, i cookie sono utilizzati per tenere traccia delle preferenze degli utenti, memorizzare informazioni per cose come i carrelli della spesa e fornire dati di monitoraggio anonimizzati ad applicazioni di terze parti come Google Analytics. In generale, i cookie migliorano la vostra esperienza di navigazione. Tuttavia, si pu\u00f2 preferire di disabilitare i cookie su questo e altri siti.  Il modo pi\u00f9 efficace \u00e8 quello di disabilitare i cookie nel suo browser.<\/p>\n\n\n\n<div style=\"height:50px\" aria-hidden=\"true\" class=\"wp-block-spacer\"><\/div>","protected":false},"excerpt":{"rendered":"<p>Si prega di leggere attentamente le presenti condizioni d'uso prima di utilizzare questo sito. Collegandovi a questo sito, accettate senza riserve questi termini e condizioni. Il sito securicam.co \u00e8 di propriet\u00e0 di : Optimum Corporation190 rue Marcelle Isoard, 13090 AIX EN PROVENCE - FRANCETel: +33 1 70 20 02 64E-mail: contact@optimum-automotive.comSAS at [...]<\/p>","protected":false},"author":12,"featured_media":0,"parent":0,"menu_order":0,"comment_status":"closed","ping_status":"closed","template":"","meta":{"_coblocks_attr":"","_coblocks_dimensions":"","_coblocks_responsive_height":"","_coblocks_accordion_ie_support":"","footnotes":""},"yoast_head":"<!-- This site is optimized with the Yoast SEO plugin v22.0 - https:\/\/yoast.com\/wordpress\/plugins\/seo\/ -->\n<title>Mentions l\u00e9gales - SECURICAM<\/title>\n<meta name=\"robots\" content=\"index, follow, max-snippet:-1, max-image-preview:large, max-video-preview:-1\" \/>\n<link rel=\"canonical\" href=\"https:\/\/securicam.co\/it\/mentions-legales\/\" \/>\n<meta property=\"og:locale\" content=\"it_IT\" \/>\n<meta property=\"og:type\" content=\"article\" \/>\n<meta property=\"og:title\" content=\"Mentions l\u00e9gales - SECURICAM\" \/>\n<meta property=\"og:description\" content=\"Merci de lire attentivement les pr\u00e9sentes modalit\u00e9s d\u2019utilisation du pr\u00e9sent site avant de le parcourir. En vous connectant sur ce site, vous acceptez sans r\u00e9serve les pr\u00e9sentes modalit\u00e9s. Le site securicam.co est la propri\u00e9t\u00e9 de : Optimum Corporation190 rue Marcelle Isoard, 13090 AIX EN PROVENCE \u2013 FRANCET\u00e9l\u202f: +33 1 70 20 02 64E-mail\u00a0: contact@optimum-automotive.comSAS au [&hellip;]\" \/>\n<meta property=\"og:url\" content=\"https:\/\/securicam.co\/it\/mentions-legales\/\" \/>\n<meta property=\"og:site_name\" content=\"SECURICAM\" \/>\n<meta property=\"article:modified_time\" content=\"2024-02-06T16:30:30+00:00\" \/>\n<meta name=\"twitter:card\" content=\"summary_large_image\" \/>\n<meta name=\"twitter:label1\" content=\"Tempo di lettura stimato\" \/>\n\t<meta name=\"twitter:data1\" content=\"4 minuti\" \/>\n<script type=\"application\/ld+json\" class=\"yoast-schema-graph\">{\"@context\":\"https:\/\/schema.org\",\"@graph\":[{\"@type\":\"WebPage\",\"@id\":\"https:\/\/securicam.co\/mentions-legales\/\",\"url\":\"https:\/\/securicam.co\/mentions-legales\/\",\"name\":\"Mentions l\u00e9gales - SECURICAM\",\"isPartOf\":{\"@id\":\"https:\/\/securicam.co\/#website\"},\"datePublished\":\"2016-07-28T07:32:49+00:00\",\"dateModified\":\"2024-02-06T16:30:30+00:00\",\"inLanguage\":\"it-IT\",\"potentialAction\":[{\"@type\":\"ReadAction\",\"target\":[\"https:\/\/securicam.co\/mentions-legales\/\"]}]},{\"@type\":\"WebSite\",\"@id\":\"https:\/\/securicam.co\/#website\",\"url\":\"https:\/\/securicam.co\/\",\"name\":\"SECURICAM\",\"description\":\"CAM\u00c9RA EMBARQU\u00c9E  POUR V\u00c9HICULES PROFES\u00adSIONNELS\",\"potentialAction\":[{\"@type\":\"SearchAction\",\"target\":{\"@type\":\"EntryPoint\",\"urlTemplate\":\"https:\/\/securicam.co\/?s={search_term_string}\"},\"query-input\":\"required name=search_term_string\"}],\"inLanguage\":\"it-IT\"}]}<\/script>\n<!-- \/ Yoast SEO plugin. -->","yoast_head_json":{"title":"Mentions l\u00e9gales - SECURICAM","robots":{"index":"index","follow":"follow","max-snippet":"max-snippet:-1","max-image-preview":"max-image-preview:large","max-video-preview":"max-video-preview:-1"},"canonical":"https:\/\/securicam.co\/it\/mentions-legales\/","og_locale":"it_IT","og_type":"article","og_title":"Mentions l\u00e9gales - SECURICAM","og_description":"Merci de lire attentivement les pr\u00e9sentes modalit\u00e9s d\u2019utilisation du pr\u00e9sent site avant de le parcourir. En vous connectant sur ce site, vous acceptez sans r\u00e9serve les pr\u00e9sentes modalit\u00e9s. Le site securicam.co est la propri\u00e9t\u00e9 de : Optimum Corporation190 rue Marcelle Isoard, 13090 AIX EN PROVENCE \u2013 FRANCET\u00e9l\u202f: +33 1 70 20 02 64E-mail\u00a0: contact@optimum-automotive.comSAS au [&hellip;]","og_url":"https:\/\/securicam.co\/it\/mentions-legales\/","og_site_name":"SECURICAM","article_modified_time":"2024-02-06T16:30:30+00:00","twitter_card":"summary_large_image","twitter_misc":{"Tempo di lettura stimato":"4 minuti"},"schema":{"@context":"https:\/\/schema.org","@graph":[{"@type":"WebPage","@id":"https:\/\/securicam.co\/mentions-legales\/","url":"https:\/\/securicam.co\/mentions-legales\/","name":"Mentions l\u00e9gales - SECURICAM","isPartOf":{"@id":"https:\/\/securicam.co\/#website"},"datePublished":"2016-07-28T07:32:49+00:00","dateModified":"2024-02-06T16:30:30+00:00","inLanguage":"it-IT","potentialAction":[{"@type":"ReadAction","target":["https:\/\/securicam.co\/mentions-legales\/"]}]},{"@type":"WebSite","@id":"https:\/\/securicam.co\/#website","url":"https:\/\/securicam.co\/","name":"SECURICAM","description":"CAM\u00c9RA EMBARQU\u00c9E  POUR V\u00c9HICULES PROFES\u00adSIONNELS","potentialAction":[{"@type":"SearchAction","target":{"@type":"EntryPoint","urlTemplate":"https:\/\/securicam.co\/?s={search_term_string}"},"query-input":"required name=search_term_string"}],"inLanguage":"it-IT"}]}},"uagb_featured_image_src":{"full":false,"thumbnail":false,"medium":false,"medium_large":false,"large":false,"1536x1536":false,"2048x2048":false,"trp-custom-language-flag":false},"uagb_author_info":{"display_name":"Camaleon","author_link":"https:\/\/securicam.co\/it\/author\/camaleon\/"},"uagb_comment_info":0,"uagb_excerpt":"Merci de lire attentivement les pr\u00e9sentes modalit\u00e9s d\u2019utilisation du pr\u00e9sent site avant de le parcourir. En vous connectant sur ce site, vous acceptez sans r\u00e9serve les pr\u00e9sentes modalit\u00e9s. Le site securicam.co est la propri\u00e9t\u00e9 de : Optimum Corporation190 rue Marcelle Isoard, 13090 AIX EN PROVENCE \u2013 FRANCET\u00e9l\u202f: +33 1 70 20 02 64E-mail\u00a0: contact@optimum-automotive.comSAS au&hellip;","_links":{"self":[{"href":"https:\/\/securicam.co\/it\/wp-json\/wp\/v2\/pages\/8"}],"collection":[{"href":"https:\/\/securicam.co\/it\/wp-json\/wp\/v2\/pages"}],"about":[{"href":"https:\/\/securicam.co\/it\/wp-json\/wp\/v2\/types\/page"}],"author":[{"embeddable":true,"href":"https:\/\/securicam.co\/it\/wp-json\/wp\/v2\/users\/12"}],"replies":[{"embeddable":true,"href":"https:\/\/securicam.co\/it\/wp-json\/wp\/v2\/comments?post=8"}],"version-history":[{"count":16,"href":"https:\/\/securicam.co\/it\/wp-json\/wp\/v2\/pages\/8\/revisions"}],"predecessor-version":[{"id":3676,"href":"https:\/\/securicam.co\/it\/wp-json\/wp\/v2\/pages\/8\/revisions\/3676"}],"wp:attachment":[{"href":"https:\/\/securicam.co\/it\/wp-json\/wp\/v2\/media?parent=8"}],"curies":[{"name":"wp","href":"https:\/\/api.w.org\/{rel}","templated":true}]}}