{"id":206,"date":"2020-02-11T16:53:24","date_gmt":"2020-02-11T15:53:24","guid":{"rendered":"https:\/\/mobility.optimum-automotive.com\/?page_id=206"},"modified":"2022-04-28T15:44:46","modified_gmt":"2022-04-28T13:44:46","slug":"politique-de-confidentialite","status":"publish","type":"page","link":"https:\/\/securicam.co\/it\/politique-de-confidentialite\/","title":{"rendered":"Politica sulla privacy"},"content":{"rendered":"<h2 class=\"wp-block-heading\">Utilizzo dei cookie<\/h2>\n\n\n\n<p>La presente informativa sui cookie spiega cosa sono i cookie e come li utilizziamo. L'utente dovrebbe leggere questa politica per capire che tipo di cookie utilizziamo, o quali informazioni raccogliamo utilizzando i cookie e come tali informazioni vengono utilizzate.<\/p>\n\n\n\n<p>I cookie in genere non contengono informazioni di identificazione personale sull'utente, ma le informazioni personali che memorizziamo sull'utente possono essere collegate alle informazioni memorizzate e ottenute dai cookie. Non memorizziamo informazioni personali sensibili, come indirizzi postali, password di account, ecc. nei cookie che utilizziamo.<\/p>\n\n\n\n<h3 class=\"wp-block-heading\">Tipo di cookie che utilizziamo<\/h3>\n\n\n\n<p>I cookie possono essere \"persistenti\" o \"di sessione\". I cookie persistenti rimangono sul computer o sul dispositivo mobile dell'utente anche dopo la disconnessione, mentre i cookie di sessione vengono eliminati non appena si chiude il browser web.<\/p>\n\n\n\n<p>Utilizziamo cookie sia di sessione che persistenti per le finalit\u00e0 descritte di seguito:<\/p>\n\n\n\n<p><strong>Cookie necessari \/ essenziali<\/strong><\/p>\n\n\n\n<ul class=\"is-style-default\"><li>Tipo: Cookie di sessione<\/li><li>Amministrato da : Noi<\/li><li>Finalit\u00e0: questi cookie sono essenziali per fornire all'utente i servizi disponibili sul sito web e per consentirgli di utilizzare alcune delle sue funzionalit\u00e0. Aiutano ad autenticare gli utenti e a prevenire l'uso fraudolento degli account utente. Senza questi cookie, i servizi richiesti dall'utente non possono essere forniti e noi li utilizziamo solo per fornire tali servizi all'utente.<\/li><\/ul>\n\n\n\n<p><strong>Cookie di funzionalit\u00e0<\/strong><\/p>\n\n\n\n<ul class=\"is-style-default\"><li>Tipo: Cookie persistenti<\/li><li>Amministrato da : Noi<\/li><li>Scopo: Questi cookie ci permettono di ricordare le scelte fatte dall'utente durante l'utilizzo del sito web, come ad esempio ricordare i dati di accesso o la lingua preferita. Lo scopo di questi cookie \u00e8 quello di fornire all'utente un'esperienza pi\u00f9 personale e di evitare che l'utente debba reinserire le proprie preferenze ogni volta che utilizza il sito web.<\/li><\/ul>\n\n\n\n<h2 class=\"wp-block-heading\">Le vostre scelte in materia di cookie<\/h2>\n\n\n\n<p>Se si preferisce evitare l'uso dei cookie sul sito web, \u00e8 necessario innanzitutto disabilitare l'uso dei cookie nel proprio browser e quindi cancellare tutti i cookie memorizzati nel browser associati a questo sito web. \u00c8 possibile utilizzare questa opzione per impedire l'uso dei cookie in qualsiasi momento.<\/p>\n\n\n\n<p>Se non accettate i nostri cookie, potreste subire disagi nell'utilizzo del sito web e alcune funzioni potrebbero non funzionare correttamente.<\/p>\n\n\n\n<p>Se desiderate cancellare i cookie o far s\u00ec che il vostro browser web cancelli o rifiuti i cookie, visitate le pagine di aiuto del vostro browser web.<\/p>\n\n\n\n<p><\/p>\n\n\n\n<ul class=\"is-style-default\"><li>Per il browser Chrome, visitare questa pagina di Google: <a href=\"https:\/\/support.google.com\/accounts\/answer\/32050\" target=\"_blank\" rel=\"noreferrer noopener\">https:\/\/support.google.com\/accounts\/answer\/32050<\/a><\/li><li>Per il browser Internet Explorer, visitare questa pagina Microsoft: <a href=\"http:\/\/support.microsoft.com\/kb\/278835\" target=\"_blank\" rel=\"noreferrer noopener\">http:\/\/support.microsoft.com\/kb\/278835<\/a><\/li><li>Per il browser web Firefox, visitare questa pagina di Mozilla: <a href=\"https:\/\/support.mozilla.org\/en-US\/kb\/delete-cookies-remove-info-websites-stored\" target=\"_blank\" rel=\"noreferrer noopener\">https:\/\/support.mozilla.org\/en-US\/kb\/delete-cookies-remove-info-websites-stored<\/a><\/li><li>Per il browser Safari, visitate questa pagina Apple: <a href=\"https:\/\/support.apple.com\/guide\/safari\/manage-cookies-and-website-data-sfri11471\/mac\" target=\"_blank\" rel=\"noreferrer noopener\">https:\/\/support.apple.com\/guide\/safari\/manage-cookies-and-website-data-sfri11471\/mac<\/a><\/li><\/ul>\n\n\n\n<p>Per tutti gli altri browser, visitate le pagine web ufficiali del vostro browser.<\/p>\n\n\n\n<h2 class=\"wp-block-heading\">Contattateci<\/h2>\n\n\n\n<p>In caso di domande sulla presente informativa sui cookie, \u00e8 possibile contattarci <a href=\"https:\/\/securicam.co\/it\/contact\/\">Contattateci cliccando qui<\/a>.<\/p>\n\n\n\n<div style=\"height:50px\" aria-hidden=\"true\" class=\"wp-block-spacer\"><\/div>","protected":false},"excerpt":{"rendered":"<p>Uso dei cookie Questa politica sui cookie spiega cosa sono i cookie e come li utilizziamo. L'utente dovrebbe leggere questa politica per capire che tipo di cookie utilizziamo, o quali informazioni raccogliamo utilizzando i cookie e come tali informazioni vengono utilizzate. I cookie non contengono generalmente [...]<\/p>","protected":false},"author":12,"featured_media":0,"parent":0,"menu_order":0,"comment_status":"closed","ping_status":"closed","template":"","meta":{"_coblocks_attr":"","_coblocks_dimensions":"","_coblocks_responsive_height":"","_coblocks_accordion_ie_support":"","footnotes":""},"yoast_head":"<!-- This site is optimized with the Yoast SEO plugin v22.0 - https:\/\/yoast.com\/wordpress\/plugins\/seo\/ -->\n<title>Politique de confidentialit\u00e9 - SECURICAM<\/title>\n<meta name=\"robots\" content=\"index, follow, max-snippet:-1, max-image-preview:large, max-video-preview:-1\" \/>\n<link rel=\"canonical\" href=\"https:\/\/securicam.co\/it\/politique-de-confidentialite\/\" \/>\n<meta property=\"og:locale\" content=\"it_IT\" \/>\n<meta property=\"og:type\" content=\"article\" \/>\n<meta property=\"og:title\" content=\"Politique de confidentialit\u00e9 - SECURICAM\" \/>\n<meta property=\"og:description\" content=\"L&rsquo;utilisation des Cookies Cette politique de cookies explique ce que sont les cookies et comment nous les utilisons.&nbsp;Vous devriez lire cette politique afin que vous puissiez comprendre quel type de cookies nous utilisons, ou les informations que nous collectons \u00e0 l&rsquo;aide de cookies et comment ces informations sont utilis\u00e9es. Les cookies ne contiennent g\u00e9n\u00e9ralement aucune [&hellip;]\" \/>\n<meta property=\"og:url\" content=\"https:\/\/securicam.co\/it\/politique-de-confidentialite\/\" \/>\n<meta property=\"og:site_name\" content=\"SECURICAM\" \/>\n<meta property=\"article:modified_time\" content=\"2022-04-28T13:44:46+00:00\" \/>\n<meta name=\"twitter:card\" content=\"summary_large_image\" \/>\n<meta name=\"twitter:label1\" content=\"Tempo di lettura stimato\" \/>\n\t<meta name=\"twitter:data1\" content=\"3 minuti\" \/>\n<script type=\"application\/ld+json\" class=\"yoast-schema-graph\">{\"@context\":\"https:\/\/schema.org\",\"@graph\":[{\"@type\":\"WebPage\",\"@id\":\"https:\/\/securicam.co\/politique-de-confidentialite\/\",\"url\":\"https:\/\/securicam.co\/politique-de-confidentialite\/\",\"name\":\"Politique de confidentialit\u00e9 - SECURICAM\",\"isPartOf\":{\"@id\":\"https:\/\/securicam.co\/#website\"},\"datePublished\":\"2020-02-11T15:53:24+00:00\",\"dateModified\":\"2022-04-28T13:44:46+00:00\",\"inLanguage\":\"it-IT\",\"potentialAction\":[{\"@type\":\"ReadAction\",\"target\":[\"https:\/\/securicam.co\/politique-de-confidentialite\/\"]}]},{\"@type\":\"WebSite\",\"@id\":\"https:\/\/securicam.co\/#website\",\"url\":\"https:\/\/securicam.co\/\",\"name\":\"SECURICAM\",\"description\":\"CAM\u00c9RA EMBARQU\u00c9E  POUR V\u00c9HICULES PROFES\u00adSIONNELS\",\"potentialAction\":[{\"@type\":\"SearchAction\",\"target\":{\"@type\":\"EntryPoint\",\"urlTemplate\":\"https:\/\/securicam.co\/?s={search_term_string}\"},\"query-input\":\"required name=search_term_string\"}],\"inLanguage\":\"it-IT\"}]}<\/script>\n<!-- \/ Yoast SEO plugin. -->","yoast_head_json":{"title":"Politique de confidentialit\u00e9 - SECURICAM","robots":{"index":"index","follow":"follow","max-snippet":"max-snippet:-1","max-image-preview":"max-image-preview:large","max-video-preview":"max-video-preview:-1"},"canonical":"https:\/\/securicam.co\/it\/politique-de-confidentialite\/","og_locale":"it_IT","og_type":"article","og_title":"Politique de confidentialit\u00e9 - SECURICAM","og_description":"L&rsquo;utilisation des Cookies Cette politique de cookies explique ce que sont les cookies et comment nous les utilisons.&nbsp;Vous devriez lire cette politique afin que vous puissiez comprendre quel type de cookies nous utilisons, ou les informations que nous collectons \u00e0 l&rsquo;aide de cookies et comment ces informations sont utilis\u00e9es. Les cookies ne contiennent g\u00e9n\u00e9ralement aucune [&hellip;]","og_url":"https:\/\/securicam.co\/it\/politique-de-confidentialite\/","og_site_name":"SECURICAM","article_modified_time":"2022-04-28T13:44:46+00:00","twitter_card":"summary_large_image","twitter_misc":{"Tempo di lettura stimato":"3 minuti"},"schema":{"@context":"https:\/\/schema.org","@graph":[{"@type":"WebPage","@id":"https:\/\/securicam.co\/politique-de-confidentialite\/","url":"https:\/\/securicam.co\/politique-de-confidentialite\/","name":"Politique de confidentialit\u00e9 - SECURICAM","isPartOf":{"@id":"https:\/\/securicam.co\/#website"},"datePublished":"2020-02-11T15:53:24+00:00","dateModified":"2022-04-28T13:44:46+00:00","inLanguage":"it-IT","potentialAction":[{"@type":"ReadAction","target":["https:\/\/securicam.co\/politique-de-confidentialite\/"]}]},{"@type":"WebSite","@id":"https:\/\/securicam.co\/#website","url":"https:\/\/securicam.co\/","name":"SECURICAM","description":"CAM\u00c9RA EMBARQU\u00c9E  POUR V\u00c9HICULES PROFES\u00adSIONNELS","potentialAction":[{"@type":"SearchAction","target":{"@type":"EntryPoint","urlTemplate":"https:\/\/securicam.co\/?s={search_term_string}"},"query-input":"required name=search_term_string"}],"inLanguage":"it-IT"}]}},"uagb_featured_image_src":{"full":false,"thumbnail":false,"medium":false,"medium_large":false,"large":false,"1536x1536":false,"2048x2048":false,"trp-custom-language-flag":false},"uagb_author_info":{"display_name":"Camaleon","author_link":"https:\/\/securicam.co\/it\/author\/camaleon\/"},"uagb_comment_info":0,"uagb_excerpt":"L&rsquo;utilisation des Cookies Cette politique de cookies explique ce que sont les cookies et comment nous les utilisons.&nbsp;Vous devriez lire cette politique afin que vous puissiez comprendre quel type de cookies nous utilisons, ou les informations que nous collectons \u00e0 l&rsquo;aide de cookies et comment ces informations sont utilis\u00e9es. Les cookies ne contiennent g\u00e9n\u00e9ralement aucune&hellip;","_links":{"self":[{"href":"https:\/\/securicam.co\/it\/wp-json\/wp\/v2\/pages\/206"}],"collection":[{"href":"https:\/\/securicam.co\/it\/wp-json\/wp\/v2\/pages"}],"about":[{"href":"https:\/\/securicam.co\/it\/wp-json\/wp\/v2\/types\/page"}],"author":[{"embeddable":true,"href":"https:\/\/securicam.co\/it\/wp-json\/wp\/v2\/users\/12"}],"replies":[{"embeddable":true,"href":"https:\/\/securicam.co\/it\/wp-json\/wp\/v2\/comments?post=206"}],"version-history":[{"count":4,"href":"https:\/\/securicam.co\/it\/wp-json\/wp\/v2\/pages\/206\/revisions"}],"predecessor-version":[{"id":3653,"href":"https:\/\/securicam.co\/it\/wp-json\/wp\/v2\/pages\/206\/revisions\/3653"}],"wp:attachment":[{"href":"https:\/\/securicam.co\/it\/wp-json\/wp\/v2\/media?parent=206"}],"curies":[{"name":"wp","href":"https:\/\/api.w.org\/{rel}","templated":true}]}}