{"id":2,"date":"2016-07-28T09:30:10","date_gmt":"2016-07-28T07:30:10","guid":{"rendered":"https:\/\/mobility.optimum-automotive.com\/?page_id=2"},"modified":"2022-07-08T10:11:23","modified_gmt":"2022-07-08T08:11:23","slug":"accueil","status":"publish","type":"page","link":"https:\/\/securicam.co\/es\/","title":{"rendered":"Inicio"},"content":{"rendered":"<section class=\"wp-block-uagb-columns uagb-columns__wrap uagb-columns__background-image uagb-columns__stack-mobile uagb-columns__valign-undefined uagb-columns__gap-10 alignfull uagb-block-50bef497 dark\"><div class=\"uagb-columns__overlay\"><\/div><div class=\"uagb-columns__inner-wrap uagb-columns__columns-1\">\n<div class=\"wp-block-uagb-column uagb-column__wrap uagb-column__background-undefined uagb-block-b18cec6d container\"><div class=\"uagb-column__overlay\"><\/div><div class=\"uagb-column__inner-wrap\">\n<section class=\"wp-block-uagb-columns uagb-columns__wrap uagb-columns__background-undefined uagb-columns__stack-mobile uagb-columns__valign-undefined uagb-columns__gap-10 alignundefined uagb-block-e6dc5513\"><div class=\"uagb-columns__overlay\"><\/div><div class=\"uagb-columns__inner-wrap uagb-columns__columns-1\">\n<div class=\"wp-block-uagb-column uagb-column__wrap uagb-column__background-undefined uagb-block-4d938e29\"><div class=\"uagb-column__overlay\"><\/div><div class=\"uagb-column__inner-wrap\">\n<h1 class=\"mb-10 wp-block-heading\"><span style=\"color:#ffffff\" class=\"has-inline-color\">C\u00c1MARA CONECTADA<br>PARA VEH\u00cdCULOS PROFESIONALES<\/span> <\/h1>\n<\/div><\/div>\n<\/div><\/section>\n<\/div><\/div>\n<\/div><\/section>\n\n\n\n<section class=\"wp-block-uagb-columns uagb-columns__wrap uagb-columns__background-color uagb-columns__stack-mobile uagb-columns__valign-undefined uagb-columns__gap-10 alignfull uagb-block-0b3908f7\"><div class=\"uagb-columns__overlay\"><\/div><div class=\"uagb-columns__inner-wrap uagb-columns__columns-1\">\n<div class=\"wp-block-uagb-column uagb-column__wrap uagb-column__background-color uagb-block-0768a841\"><div class=\"uagb-column__overlay\"><\/div><div class=\"uagb-column__inner-wrap\">\n<section class=\"wp-block-uagb-columns uagb-columns__wrap uagb-columns__background-undefined uagb-columns__stack-mobile uagb-columns__valign-undefined uagb-columns__gap-0 alignundefined uagb-block-e6023323\" id=\"container\"><div class=\"uagb-columns__overlay\"><\/div><div class=\"uagb-columns__inner-wrap uagb-columns__columns-1\">\n<div class=\"wp-block-uagb-column uagb-column__wrap uagb-column__background-undefined uagb-block-89bb8ee1 container\"><div class=\"uagb-column__overlay\"><\/div><div class=\"uagb-column__inner-wrap\">\n<div class=\"wp-block-columns mb-0 p-0 is-layout-flex wp-container-core-columns-layout-1 wp-block-columns-is-layout-flex\">\n<div class=\"wp-block-column is-layout-flow wp-block-column-is-layout-flow\" style=\"flex-basis:100%\">\n<h4 class=\"p-0 has-medium-font-size wp-block-heading\"><span class=\"has-inline-color has-dark-color\">Optimice la seguridad de sus conductores<\/span><\/h4>\n<\/div>\n<\/div>\n<\/div><\/div>\n<\/div><\/section>\n<\/div><\/div>\n<\/div><\/section>\n\n\n\n<section class=\"wp-block-uagb-columns uagb-columns__wrap uagb-columns__background-color uagb-columns__stack-mobile uagb-columns__valign-undefined uagb-columns__gap-10 alignfull uagb-block-e8e8b584 pb-0\"><div class=\"uagb-columns__overlay\"><\/div><div class=\"uagb-columns__inner-wrap uagb-columns__columns-1\">\n<div class=\"wp-block-uagb-column uagb-column__wrap uagb-column__background-color uagb-block-350f1301 pb-0\"><div class=\"uagb-column__overlay\"><\/div><div class=\"uagb-column__inner-wrap\">\n<div style=\"height:5px\" aria-hidden=\"true\" class=\"wp-block-spacer pb-0\"><\/div>\n<\/div><\/div>\n<\/div><\/section>\n\n\n\n<section class=\"wp-block-uagb-columns uagb-columns__wrap uagb-columns__background-undefined uagb-columns__stack-tablet uagb-columns__valign-top uagb-columns__gap-10 alignundefined uagb-block-1d03e29e bloc-intro\"><div class=\"uagb-columns__overlay\"><\/div><div class=\"uagb-columns__inner-wrap uagb-columns__columns-2\">\n<div class=\"wp-block-uagb-column uagb-column__wrap uagb-column__background-undefined uagb-block-8b0cf608 pl-0\"><div class=\"uagb-column__overlay\"><\/div><div class=\"uagb-column__inner-wrap\">\n<ul class=\"has-dark-color has-text-color\" style=\"font-size:18px\"><li><strong>Aumentar la seguridad de los conductores<\/strong><\/li><li><strong>Mejora del comportamiento al volante<\/strong><\/li><li><strong>Visibilidad de los eventos cr\u00edticos<\/strong><\/li><li><strong>Reducci\u00f3n del n\u00famero de siniestros<\/strong><\/li><\/ul>\n\n\n\n<div class=\"wp-block-buttons is-layout-flex wp-block-buttons-is-layout-flex\">\n<div class=\"wp-block-button\"><a class=\"wp-block-button__link has-blue-background-color has-background\" href=\"https:\/\/securicam.co\/es\/une-camera-haure-performance\/\">CONOZCA M\u00c1S<\/a><\/div>\n<\/div>\n<\/div><\/div>\n\n\n\n<div class=\"wp-block-uagb-column uagb-column__wrap uagb-column__background-undefined uagb-block-917c5759\"><div class=\"uagb-column__overlay\"><\/div><div class=\"uagb-column__inner-wrap\">\n<figure class=\"wp-block-image size-full\"><img loading=\"lazy\" decoding=\"async\" width=\"568\" height=\"387\" src=\"https:\/\/securicam.co\/wp-content\/uploads\/2022\/02\/camera_embarquee2-6.png\" alt=\"\" class=\"wp-image-3217\" srcset=\"https:\/\/securicam.co\/wp-content\/uploads\/2022\/02\/camera_embarquee2-6.png 568w, https:\/\/securicam.co\/wp-content\/uploads\/2022\/02\/camera_embarquee2-6-18x12.png 18w\" sizes=\"(max-width: 568px) 100vw, 568px\" \/><\/figure>\n<\/div><\/div>\n<\/div><\/section>\n\n\n\n<div style=\"height:39px\" aria-hidden=\"true\" class=\"wp-block-spacer\"><\/div>\n\n\n\n<section class=\"wp-block-uagb-columns uagb-columns__wrap uagb-columns__background-color uagb-columns__stack-mobile uagb-columns__valign-undefined uagb-columns__gap-10 alignfull uagb-block-4e050bed mb-0\"><div class=\"uagb-columns__overlay\"><\/div><div class=\"uagb-columns__inner-wrap uagb-columns__columns-1\">\n<div class=\"wp-block-uagb-column uagb-column__wrap uagb-column__background-undefined uagb-block-c517e810\"><div class=\"uagb-column__overlay\"><\/div><div class=\"uagb-column__inner-wrap\">\n<h2 class=\"has-text-align-center p-10 mb-0 has-orange-color has-dark-background-color has-text-color has-background wp-block-heading\"><span class=\"has-inline-color has-orange-color\"><strong>Una soluci\u00f3n completa de hardware y software<\/strong><\/span><\/h2>\n\n\n\n<h4 class=\"has-text-align-center mt-10 has-dark-color has-text-color wp-block-heading\">Mant\u00e9ngase conectado en cualquier circunstancia<\/h4>\n<\/div><\/div>\n<\/div><\/section>\n\n\n\n<section class=\"wp-block-uagb-columns uagb-columns__wrap uagb-columns__background-color uagb-columns__stack-mobile uagb-columns__valign-undefined uagb-columns__gap-10 alignfull uagb-block-b5c4313e mt-0\"><div class=\"uagb-columns__overlay\"><\/div><div class=\"uagb-columns__inner-wrap uagb-columns__columns-1\">\n<div class=\"wp-block-uagb-column uagb-column__wrap uagb-column__background-undefined uagb-block-1a496b25 container\"><div class=\"uagb-column__overlay\"><\/div><div class=\"uagb-column__inner-wrap\">\n<section class=\"wp-block-uagb-columns uagb-columns__wrap uagb-columns__background-undefined uagb-columns__stack-mobile uagb-columns__valign-undefined uagb-columns__gap-20 alignundefined uagb-block-ba88c917\"><div class=\"uagb-columns__overlay\"><\/div><div class=\"uagb-columns__inner-wrap uagb-columns__columns-3\">\n<div class=\"wp-block-uagb-column uagb-column__wrap uagb-column__background-color uagb-block-3ce0fd18\"><div class=\"uagb-column__overlay\"><\/div><div class=\"uagb-column__inner-wrap\">\n<div class=\"wp-block-image\"><figure class=\"aligncenter size-full\"><img loading=\"lazy\" decoding=\"async\" width=\"229\" height=\"104\" src=\"https:\/\/securicam.co\/wp-content\/uploads\/2022\/03\/double-cam-1.jpg\" alt=\"\" class=\"wp-image-3563\" srcset=\"https:\/\/securicam.co\/wp-content\/uploads\/2022\/03\/double-cam-1.jpg 229w, https:\/\/securicam.co\/wp-content\/uploads\/2022\/03\/double-cam-1-18x8.jpg 18w\" sizes=\"(max-width: 229px) 100vw, 229px\" \/><\/figure><\/div>\n\n\n\n<h4 class=\"has-text-align-center wp-block-heading\"><strong>C\u00e1mara dual optimizada<\/strong> <br><strong>y f\u00e1cil de instalar<\/strong><\/h4>\n\n\n\n<p><\/p>\n\n\n\n<p>La c\u00e1mara HD de 1080p orientada a la carretera y la c\u00e1mara de 720p orientada al conductor graban continuamente. Las im\u00e1genes se almacenan localmente en una tarjeta SD de 128 GB y se env\u00edan a nuestros servidores.<\/p>\n<\/div><\/div>\n\n\n\n<div class=\"wp-block-uagb-column uagb-column__wrap uagb-column__background-color uagb-block-f96dec41\"><div class=\"uagb-column__overlay\"><\/div><div class=\"uagb-column__inner-wrap\">\n<div class=\"wp-block-image\"><figure class=\"aligncenter size-full\"><img loading=\"lazy\" decoding=\"async\" width=\"229\" height=\"104\" src=\"https:\/\/securicam.co\/wp-content\/uploads\/2022\/04\/capacites.jpg\" alt=\"\" class=\"wp-image-3641\" srcset=\"https:\/\/securicam.co\/wp-content\/uploads\/2022\/04\/capacites.jpg 229w, https:\/\/securicam.co\/wp-content\/uploads\/2022\/04\/capacites-18x8.jpg 18w\" sizes=\"(max-width: 229px) 100vw, 229px\" \/><\/figure><\/div>\n\n\n\n<h4 class=\"has-text-align-center wp-block-heading\"><strong><strong>Detecci\u00f3n de comportamientos de riesgo<\/strong><\/strong><\/h4>\n\n\n\n<p class=\"mb-0\">Las c\u00e1maras se benefician de la inteligencia artificial y de algoritmos avanzados que analizan el comportamiento del conductor y detectan los riesgos: uso del tel\u00e9fono, no utilizaci\u00f3n del cintur\u00f3n de seguridad, distracci\u00f3n y fatiga.... Se generan alertas para cada evento detectado.<\/p>\n\n\n\n<p class=\"has-text-align-right\"><\/p>\n<\/div><\/div>\n\n\n\n<div class=\"wp-block-uagb-column uagb-column__wrap uagb-column__background-color uagb-block-cd1bb963\"><div class=\"uagb-column__overlay\"><\/div><div class=\"uagb-column__inner-wrap\">\n<div class=\"wp-block-image\"><figure class=\"aligncenter size-full\"><img loading=\"lazy\" decoding=\"async\" width=\"229\" height=\"104\" src=\"https:\/\/securicam.co\/wp-content\/uploads\/2022\/02\/stockage.jpg\" alt=\"\" class=\"wp-image-2958\" srcset=\"https:\/\/securicam.co\/wp-content\/uploads\/2022\/02\/stockage.jpg 229w, https:\/\/securicam.co\/wp-content\/uploads\/2022\/02\/stockage-18x8.jpg 18w\" sizes=\"(max-width: 229px) 100vw, 229px\" \/><\/figure><\/div>\n\n\n\n<h4 class=\"has-text-align-center wp-block-heading\"><span class=\"has-inline-color has-dark-color\"><strong><strong>Una plataforma conectada de gesti\u00f3n y an\u00e1lisis de eventos<\/strong><\/strong><\/span><\/h4>\n\n\n\n<p>Su plataforma le permite seguir los trayectos de sus veh\u00edculos y ver y guardar secuencias de v\u00eddeo. Se configuran las alertas y se guardan los v\u00eddeos. Las estad\u00edsticas y los informes completan su herramienta de gesti\u00f3n.<\/p>\n<\/div><\/div>\n<\/div><\/section>\n\n\n\n<div class=\"wp-block-buttons is-content-justification-center is-layout-flex wp-block-buttons-is-layout-flex\">\n<div class=\"wp-block-button\"><a class=\"wp-block-button__link has-blue-background-color has-background\" href=\"https:\/\/securicam.co\/es\/une-camera-haure-performance\/\">LA C\u00c1MARA<\/a><\/div>\n<\/div>\n\n\n\n<p><\/p>\n\n\n\n<p><\/p>\n\n\n\n<div style=\"height:100px\" aria-hidden=\"true\" class=\"wp-block-spacer\"><\/div>\n<\/div><\/div>\n<\/div><\/section>\n\n\n\n<section class=\"wp-block-uagb-columns uagb-columns__wrap uagb-columns__background-color uagb-columns__stack-mobile uagb-columns__valign-undefined uagb-columns__gap-10 alignfull uagb-block-a36b4289 mb-0\"><div class=\"uagb-columns__overlay\"><\/div><div class=\"uagb-columns__inner-wrap uagb-columns__columns-1\">\n<div class=\"wp-block-uagb-column uagb-column__wrap uagb-column__background-undefined uagb-block-8270e24e\"><div class=\"uagb-column__overlay\"><\/div><div class=\"uagb-column__inner-wrap\">\n<h2 class=\"has-text-align-center p-10 mb-0 has-dark-color has-orange-background-color has-text-color has-background wp-block-heading\"><strong><strong>Beneficios visibles e inmediatos<\/strong><\/strong><\/h2>\n<\/div><\/div>\n<\/div><\/section>\n\n\n\n<section class=\"wp-block-uagb-columns uagb-columns__wrap uagb-columns__background-color uagb-columns__stack-mobile uagb-columns__valign-undefined uagb-columns__gap-10 alignfull uagb-block-6a915788 mt-0\"><div class=\"uagb-columns__overlay\"><\/div><div class=\"uagb-columns__inner-wrap uagb-columns__columns-1\">\n<div class=\"wp-block-uagb-column uagb-column__wrap uagb-column__background-undefined uagb-block-3e51bf6e container\"><div class=\"uagb-column__overlay\"><\/div><div class=\"uagb-column__inner-wrap\">\n<section class=\"wp-block-uagb-columns uagb-columns__wrap uagb-columns__background-undefined uagb-columns__stack-mobile uagb-columns__valign-undefined uagb-columns__gap-20 alignundefined uagb-block-747b83da\"><div class=\"uagb-columns__overlay\"><\/div><div class=\"uagb-columns__inner-wrap uagb-columns__columns-1\">\n<div class=\"wp-block-uagb-column uagb-column__wrap uagb-column__background-color uagb-block-d245318a\"><div class=\"uagb-column__overlay\"><\/div><div class=\"uagb-column__inner-wrap\">\n<section class=\"wp-block-uagb-columns uagb-columns__wrap uagb-columns__background-undefined uagb-columns__stack-mobile uagb-columns__valign-undefined uagb-columns__gap-20 alignundefined uagb-block-40363d60\"><div class=\"uagb-columns__overlay\"><\/div><div class=\"uagb-columns__inner-wrap uagb-columns__columns-4\">\n<div class=\"wp-block-uagb-column uagb-column__wrap uagb-column__background-undefined uagb-block-bb7918b0\"><div class=\"uagb-column__overlay\"><\/div><div class=\"uagb-column__inner-wrap\">\n<div class=\"wp-block-image\"><figure class=\"aligncenter size-full\"><img loading=\"lazy\" decoding=\"async\" width=\"96\" height=\"60\" src=\"https:\/\/securicam.co\/wp-content\/uploads\/2022\/02\/comportements.jpg\" alt=\"\" class=\"wp-image-2950\" srcset=\"https:\/\/securicam.co\/wp-content\/uploads\/2022\/02\/comportements.jpg 96w, https:\/\/securicam.co\/wp-content\/uploads\/2022\/02\/comportements-18x12.jpg 18w\" sizes=\"(max-width: 96px) 100vw, 96px\" \/><\/figure><\/div>\n\n\n\n<h4 class=\"has-text-align-center has-text-color wp-block-heading\" style=\"color:#ffffff\"><span style=\"color:#ffffff\" class=\"has-inline-color\">Mejora <br>comportamiento al volante<\/span><\/h4>\n<\/div><\/div>\n\n\n\n<div class=\"wp-block-uagb-column uagb-column__wrap uagb-column__background-undefined uagb-block-3e1d082f\"><div class=\"uagb-column__overlay\"><\/div><div class=\"uagb-column__inner-wrap\">\n<p><\/p>\n\n\n\n<div class=\"wp-block-image\"><figure class=\"aligncenter size-full\"><img loading=\"lazy\" decoding=\"async\" width=\"60\" height=\"60\" src=\"https:\/\/securicam.co\/wp-content\/uploads\/2022\/02\/sinistrabilite.jpg\" alt=\"\" class=\"wp-image-2947\" srcset=\"https:\/\/securicam.co\/wp-content\/uploads\/2022\/02\/sinistrabilite.jpg 60w, https:\/\/securicam.co\/wp-content\/uploads\/2022\/02\/sinistrabilite-12x12.jpg 12w\" sizes=\"(max-width: 60px) 100vw, 60px\" \/><\/figure><\/div>\n\n\n\n<h4 class=\"has-text-align-center has-text-color wp-block-heading\" style=\"color:#ffffff\"><span style=\"color:#ffffff\" class=\"has-inline-color\">Reducci\u00f3n <br>experiencia en siniestros y primas de seguros<\/span><br><\/h4>\n<\/div><\/div>\n\n\n\n<div class=\"wp-block-uagb-column uagb-column__wrap uagb-column__background-undefined uagb-block-3d740081\"><div class=\"uagb-column__overlay\"><\/div><div class=\"uagb-column__inner-wrap\">\n<p><\/p>\n\n\n\n<div class=\"wp-block-image\"><figure class=\"aligncenter size-full\"><img loading=\"lazy\" decoding=\"async\" width=\"60\" height=\"60\" src=\"https:\/\/securicam.co\/wp-content\/uploads\/2022\/03\/movie.png\" alt=\"\" class=\"wp-image-3550\" srcset=\"https:\/\/securicam.co\/wp-content\/uploads\/2022\/03\/movie.png 60w, https:\/\/securicam.co\/wp-content\/uploads\/2022\/03\/movie-12x12.png 12w\" sizes=\"(max-width: 60px) 100vw, 60px\" \/><\/figure><\/div>\n\n\n\n<h4 class=\"has-text-align-center has-text-color wp-block-heading\" style=\"color:#ffffff\"><span style=\"color:#ffffff\" class=\"has-inline-color\">Visibilidad <br>en los eventos<\/span><\/h4>\n\n\n\n<p><\/p>\n<\/div><\/div>\n\n\n\n<div class=\"wp-block-uagb-column uagb-column__wrap uagb-column__background-undefined uagb-block-41b555d5\"><div class=\"uagb-column__overlay\"><\/div><div class=\"uagb-column__inner-wrap\">\n<p><\/p>\n\n\n\n<div class=\"wp-block-image\"><figure class=\"aligncenter size-full\"><img loading=\"lazy\" decoding=\"async\" width=\"96\" height=\"60\" src=\"https:\/\/securicam.co\/wp-content\/uploads\/2022\/02\/assurance.jpg\" alt=\"\" class=\"wp-image-2949\" srcset=\"https:\/\/securicam.co\/wp-content\/uploads\/2022\/02\/assurance.jpg 96w, https:\/\/securicam.co\/wp-content\/uploads\/2022\/02\/assurance-18x12.jpg 18w\" sizes=\"(max-width: 96px) 100vw, 96px\" \/><\/figure><\/div>\n\n\n\n<h4 class=\"has-text-align-center has-text-color wp-block-heading\" style=\"color:#ffffff\"><span style=\"color:#ffffff\" class=\"has-inline-color\">Pruebas objetivas en caso de litigio<\/span><\/h4>\n\n\n\n<p><\/p>\n<\/div><\/div>\n<\/div><\/section>\n\n\n\n<div class=\"wp-block-buttons is-content-justification-center is-layout-flex wp-block-buttons-is-layout-flex\">\n<div class=\"wp-block-button\"><a class=\"wp-block-button__link has-blue-background-color has-background\" href=\"https:\/\/securicam.co\/es\/benefices-camera-embarquee\/\">PRESTACIONES<\/a><\/div>\n<\/div>\n<\/div><\/div>\n<\/div><\/section>\n<\/div><\/div>\n<\/div><\/section>\n\n\n\n<section class=\"wp-block-uagb-columns uagb-columns__wrap uagb-columns__background-color uagb-columns__stack-mobile uagb-columns__valign-undefined uagb-columns__gap-10 alignfull uagb-block-31221809 pb-0\"><div class=\"uagb-columns__overlay\"><\/div><div class=\"uagb-columns__inner-wrap uagb-columns__columns-1\">\n<div class=\"wp-block-uagb-column uagb-column__wrap uagb-column__background-color uagb-block-9e56bd3c pb-0\"><div class=\"uagb-column__overlay\"><\/div><div class=\"uagb-column__inner-wrap\">\n<div style=\"height:5px\" aria-hidden=\"true\" class=\"wp-block-spacer pb-0\"><\/div>\n<\/div><\/div>\n<\/div><\/section>\n\n\n\n<section class=\"wp-block-uagb-columns uagb-columns__wrap uagb-columns__background-color uagb-columns__stack-mobile uagb-columns__valign-undefined uagb-columns__gap-10 alignfull uagb-block-7530db73\"><div class=\"uagb-columns__overlay\"><\/div><div class=\"uagb-columns__inner-wrap uagb-columns__columns-1\">\n<div class=\"wp-block-uagb-column uagb-column__wrap uagb-column__background-undefined uagb-block-c2265984\"><div class=\"uagb-column__overlay\"><\/div><div class=\"uagb-column__inner-wrap\">\n<div style=\"height:59px\" aria-hidden=\"true\" class=\"wp-block-spacer\"><\/div>\n\n\n\n<h3 class=\"has-text-align-center mb-0 has-orange-color has-text-color wp-block-heading\">SECURICAM es una marca de Optimum International Development, <\/h3>\n\n\n\n<h4 class=\"has-text-align-center wp-block-heading\">especialista en veh\u00edculos conectados, creada en 2006 y presente en 3 continentes.<\/h4>\n\n\n\n<p><\/p>\n\n\n\n<div class=\"wp-block-buttons is-content-justification-center is-layout-flex wp-block-buttons-is-layout-flex\">\n<div class=\"wp-block-button\"><a class=\"wp-block-button__link has-blue-background-color has-background\" href=\"https:\/\/securicam.co\/es\/contact\/\">CONTACTAR CON NOSOTROS<\/a><\/div>\n<\/div>\n\n\n\n<div style=\"height:59px\" aria-hidden=\"true\" class=\"wp-block-spacer\"><\/div>\n<\/div><\/div>\n<\/div><\/section>","protected":false},"excerpt":{"rendered":"","protected":false},"author":12,"featured_media":0,"parent":0,"menu_order":0,"comment_status":"closed","ping_status":"closed","template":"home-page.php","meta":{"_coblocks_attr":"","_coblocks_dimensions":"","_coblocks_responsive_height":"","_coblocks_accordion_ie_support":"","footnotes":""},"yoast_head":"<!-- This site is optimized with the Yoast SEO plugin v22.0 - https:\/\/yoast.com\/wordpress\/plugins\/seo\/ -->\n<title>Accueil - SECURICAM<\/title>\n<meta name=\"description\" content=\"La solution tout-en-un pour g\u00e9rer la mobilit\u00e9 de vos collaborateurs : Tous les services pour les d\u00e9placements professionnels et salari\u00e9s\" \/>\n<meta name=\"robots\" content=\"index, follow, max-snippet:-1, max-image-preview:large, max-video-preview:-1\" \/>\n<link rel=\"canonical\" href=\"https:\/\/securicam.co\/es\/\" \/>\n<meta property=\"og:locale\" content=\"es_ES\" \/>\n<meta property=\"og:type\" content=\"article\" \/>\n<meta property=\"og:title\" content=\"Accueil - SECURICAM\" \/>\n<meta property=\"og:description\" content=\"La solution tout-en-un pour g\u00e9rer la mobilit\u00e9 de vos collaborateurs : Tous les services pour les d\u00e9placements professionnels et salari\u00e9s\" \/>\n<meta property=\"og:url\" content=\"https:\/\/securicam.co\/es\/\" \/>\n<meta property=\"og:site_name\" content=\"SECURICAM\" \/>\n<meta property=\"article:modified_time\" content=\"2022-07-08T08:11:23+00:00\" \/>\n<meta property=\"og:image\" content=\"https:\/\/securicam.co\/wp-content\/uploads\/2022\/02\/camera_embarquee2-6.png\" \/>\n<meta name=\"twitter:card\" content=\"summary_large_image\" \/>\n<meta name=\"twitter:label1\" content=\"Tiempo de lectura\" \/>\n\t<meta name=\"twitter:data1\" content=\"3 minutos\" \/>\n<script type=\"application\/ld+json\" class=\"yoast-schema-graph\">{\"@context\":\"https:\/\/schema.org\",\"@graph\":[{\"@type\":\"WebPage\",\"@id\":\"https:\/\/securicam.co\/\",\"url\":\"https:\/\/securicam.co\/\",\"name\":\"Accueil - SECURICAM\",\"isPartOf\":{\"@id\":\"https:\/\/securicam.co\/#website\"},\"datePublished\":\"2016-07-28T07:30:10+00:00\",\"dateModified\":\"2022-07-08T08:11:23+00:00\",\"description\":\"La solution tout-en-un pour g\u00e9rer la mobilit\u00e9 de vos collaborateurs : Tous les services pour les d\u00e9placements professionnels et salari\u00e9s\",\"inLanguage\":\"es\",\"potentialAction\":[{\"@type\":\"ReadAction\",\"target\":[\"https:\/\/securicam.co\/\"]}]},{\"@type\":\"WebSite\",\"@id\":\"https:\/\/securicam.co\/#website\",\"url\":\"https:\/\/securicam.co\/\",\"name\":\"SECURICAM\",\"description\":\"CAM\u00c9RA EMBARQU\u00c9E  POUR V\u00c9HICULES PROFES\u00adSIONNELS\",\"potentialAction\":[{\"@type\":\"SearchAction\",\"target\":{\"@type\":\"EntryPoint\",\"urlTemplate\":\"https:\/\/securicam.co\/?s={search_term_string}\"},\"query-input\":\"required name=search_term_string\"}],\"inLanguage\":\"es\"}]}<\/script>\n<!-- \/ Yoast SEO plugin. -->","yoast_head_json":{"title":"Accueil - SECURICAM","description":"La solution tout-en-un pour g\u00e9rer la mobilit\u00e9 de vos collaborateurs : Tous les services pour les d\u00e9placements professionnels et salari\u00e9s","robots":{"index":"index","follow":"follow","max-snippet":"max-snippet:-1","max-image-preview":"max-image-preview:large","max-video-preview":"max-video-preview:-1"},"canonical":"https:\/\/securicam.co\/es\/","og_locale":"es_ES","og_type":"article","og_title":"Accueil - SECURICAM","og_description":"La solution tout-en-un pour g\u00e9rer la mobilit\u00e9 de vos collaborateurs : Tous les services pour les d\u00e9placements professionnels et salari\u00e9s","og_url":"https:\/\/securicam.co\/es\/","og_site_name":"SECURICAM","article_modified_time":"2022-07-08T08:11:23+00:00","og_image":[{"url":"https:\/\/securicam.co\/wp-content\/uploads\/2022\/02\/camera_embarquee2-6.png"}],"twitter_card":"summary_large_image","twitter_misc":{"Tiempo de lectura":"3 minutos"},"schema":{"@context":"https:\/\/schema.org","@graph":[{"@type":"WebPage","@id":"https:\/\/securicam.co\/","url":"https:\/\/securicam.co\/","name":"Accueil - SECURICAM","isPartOf":{"@id":"https:\/\/securicam.co\/#website"},"datePublished":"2016-07-28T07:30:10+00:00","dateModified":"2022-07-08T08:11:23+00:00","description":"La solution tout-en-un pour g\u00e9rer la mobilit\u00e9 de vos collaborateurs : Tous les services pour les d\u00e9placements professionnels et salari\u00e9s","inLanguage":"es","potentialAction":[{"@type":"ReadAction","target":["https:\/\/securicam.co\/"]}]},{"@type":"WebSite","@id":"https:\/\/securicam.co\/#website","url":"https:\/\/securicam.co\/","name":"SECURICAM","description":"CAM\u00c9RA EMBARQU\u00c9E  POUR V\u00c9HICULES PROFES\u00adSIONNELS","potentialAction":[{"@type":"SearchAction","target":{"@type":"EntryPoint","urlTemplate":"https:\/\/securicam.co\/?s={search_term_string}"},"query-input":"required name=search_term_string"}],"inLanguage":"es"}]}},"uagb_featured_image_src":{"full":false,"thumbnail":false,"medium":false,"medium_large":false,"large":false,"1536x1536":false,"2048x2048":false,"trp-custom-language-flag":false},"uagb_author_info":{"display_name":"Camaleon","author_link":"https:\/\/securicam.co\/es\/author\/camaleon\/"},"uagb_comment_info":0,"uagb_excerpt":null,"_links":{"self":[{"href":"https:\/\/securicam.co\/es\/wp-json\/wp\/v2\/pages\/2"}],"collection":[{"href":"https:\/\/securicam.co\/es\/wp-json\/wp\/v2\/pages"}],"about":[{"href":"https:\/\/securicam.co\/es\/wp-json\/wp\/v2\/types\/page"}],"author":[{"embeddable":true,"href":"https:\/\/securicam.co\/es\/wp-json\/wp\/v2\/users\/12"}],"replies":[{"embeddable":true,"href":"https:\/\/securicam.co\/es\/wp-json\/wp\/v2\/comments?post=2"}],"version-history":[{"count":340,"href":"https:\/\/securicam.co\/es\/wp-json\/wp\/v2\/pages\/2\/revisions"}],"predecessor-version":[{"id":3665,"href":"https:\/\/securicam.co\/es\/wp-json\/wp\/v2\/pages\/2\/revisions\/3665"}],"wp:attachment":[{"href":"https:\/\/securicam.co\/es\/wp-json\/wp\/v2\/media?parent=2"}],"curies":[{"name":"wp","href":"https:\/\/api.w.org\/{rel}","templated":true}]}}