{"id":780,"date":"2021-10-26T10:30:31","date_gmt":"2021-10-26T08:30:31","guid":{"rendered":"https:\/\/mobility.optimum-automotive.com\/?page_id=780"},"modified":"2024-04-22T15:23:36","modified_gmt":"2024-04-22T13:23:36","slug":"securicam-marque-d-optimum-corporation","status":"publish","type":"page","link":"https:\/\/securicam.co\/de\/securicam-marque-d-optimum-corporation\/","title":{"rendered":"\u00dcber"},"content":{"rendered":"<section class=\"wp-block-uagb-columns uagb-columns__wrap uagb-columns__background-image uagb-columns__stack-mobile uagb-columns__valign-undefined uagb-columns__gap-10 alignfull uagb-block-714ff6d3 dark\"><div class=\"uagb-columns__overlay\"><\/div><div class=\"uagb-columns__inner-wrap uagb-columns__columns-1\">\n<div class=\"wp-block-uagb-column uagb-column__wrap uagb-column__background-undefined uagb-block-14c466cf container\"><div class=\"uagb-column__overlay\"><\/div><div class=\"uagb-column__inner-wrap\">\n<section class=\"wp-block-uagb-columns uagb-columns__wrap uagb-columns__background-undefined uagb-columns__stack-mobile uagb-columns__valign-undefined uagb-columns__gap-10 alignundefined uagb-block-f8601909\"><div class=\"uagb-columns__overlay\"><\/div><div class=\"uagb-columns__inner-wrap uagb-columns__columns-2\">\n<div class=\"wp-block-uagb-column uagb-column__wrap uagb-column__background-undefined uagb-block-1404223b\"><div class=\"uagb-column__overlay\"><\/div><div class=\"uagb-column__inner-wrap\">\n<h1 class=\"wp-block-heading has-text-align-left mb-10\"><span style=\"background-color:rgba(0, 0, 0, 0);color:#ffffff\" class=\"has-inline-color\"><strong>\u00dcBER<\/strong><\/span><\/h1>\n\n\n\n<p><\/p>\n<\/div><\/div>\n\n\n\n<div class=\"wp-block-uagb-column uagb-column__wrap uagb-column__background-undefined uagb-block-825d87a0\"><div class=\"uagb-column__overlay\"><\/div><div class=\"uagb-column__inner-wrap\"><\/div><\/div>\n<\/div><\/section>\n<\/div><\/div>\n<\/div><\/section>\n\n\n\n<section class=\"wp-block-uagb-columns uagb-columns__wrap uagb-columns__background-color uagb-columns__stack-mobile uagb-columns__valign-undefined uagb-columns__gap-10 alignfull uagb-block-0732a912\"><div class=\"uagb-columns__overlay\"><\/div><div class=\"uagb-columns__inner-wrap uagb-columns__columns-1\">\n<div class=\"wp-block-uagb-column uagb-column__wrap uagb-column__background-color uagb-block-801c0ca0\"><div class=\"uagb-column__overlay\"><\/div><div class=\"uagb-column__inner-wrap\">\n<section class=\"wp-block-uagb-columns uagb-columns__wrap uagb-columns__background-undefined uagb-columns__stack-mobile uagb-columns__valign-undefined uagb-columns__gap-0 alignundefined uagb-block-1651d80e\" id=\"container\"><div class=\"uagb-columns__overlay\"><\/div><div class=\"uagb-columns__inner-wrap uagb-columns__columns-1\">\n<div class=\"wp-block-uagb-column uagb-column__wrap uagb-column__background-undefined uagb-block-56abf769 container\"><div class=\"uagb-column__overlay\"><\/div><div class=\"uagb-column__inner-wrap\">\n<div class=\"wp-block-columns mb-0 p-0 is-layout-flex wp-container-core-columns-layout-1 wp-block-columns-is-layout-flex\">\n<div class=\"wp-block-column is-layout-flow wp-block-column-is-layout-flow\" style=\"flex-basis:100%\">\n<h4 class=\"wp-block-heading p-0 has-medium-font-size\"><span style=\"background-color:rgba(0, 0, 0, 0)\" class=\"has-inline-color has-dark-color\"> <\/span>SECURICAM ist eine Soludtion von Optimum Security.<\/h4>\n<\/div>\n<\/div>\n<\/div><\/div>\n<\/div><\/section>\n<\/div><\/div>\n<\/div><\/section>\n\n\n\n<section class=\"wp-block-uagb-columns uagb-columns__wrap uagb-columns__background-color uagb-columns__stack-mobile uagb-columns__valign-undefined uagb-columns__gap-10 alignfull uagb-block-b148da87 pb-0\"><div class=\"uagb-columns__overlay\"><\/div><div class=\"uagb-columns__inner-wrap uagb-columns__columns-1\">\n<div class=\"wp-block-uagb-column uagb-column__wrap uagb-column__background-color uagb-block-5f14a14d pb-0\"><div class=\"uagb-column__overlay\"><\/div><div class=\"uagb-column__inner-wrap\">\n<div style=\"height:5px\" aria-hidden=\"true\" class=\"wp-block-spacer pb-0\"><\/div>\n<\/div><\/div>\n<\/div><\/section>\n\n\n\n<section class=\"wp-block-uagb-columns uagb-columns__wrap uagb-columns__background-undefined uagb-columns__stack-mobile uagb-columns__valign-undefined uagb-columns__gap-10 alignundefined uagb-block-4fe112b8 uag-hide-tab uag-hide-mob\"><div class=\"uagb-columns__overlay\"><\/div><div class=\"uagb-columns__inner-wrap uagb-columns__columns-2\">\n<div class=\"wp-block-uagb-column uagb-column__wrap uagb-column__background-undefined uagb-block-18d5c91d\"><div class=\"uagb-column__overlay\"><\/div><div class=\"uagb-column__inner-wrap\"><\/div><\/div>\n\n\n\n<div class=\"wp-block-uagb-column uagb-column__wrap uagb-column__background-undefined uagb-block-a7ae809c\"><div class=\"uagb-column__overlay\"><\/div><div class=\"uagb-column__inner-wrap\"><div class=\"wp-block-image\">\n<figure class=\"alignright size-full is-resized\"><img loading=\"lazy\" decoding=\"async\" width=\"568\" height=\"387\" src=\"https:\/\/securicam.co\/wp-content\/uploads\/2022\/02\/camera_embarquee2-7.png\" alt=\"\" class=\"wp-image-3357\" style=\"width:364px;height:248px\" srcset=\"https:\/\/securicam.co\/wp-content\/uploads\/2022\/02\/camera_embarquee2-7.png 568w, https:\/\/securicam.co\/wp-content\/uploads\/2022\/02\/camera_embarquee2-7-18x12.png 18w\" sizes=\"(max-width: 568px) 100vw, 568px\" \/><\/figure><\/div><\/div><\/div>\n<\/div><\/section>\n\n\n\n<section class=\"wp-block-uagb-columns uagb-columns__wrap uagb-columns__background-undefined uagb-columns__stack-tablet uagb-columns__valign-undefined uagb-columns__gap-10 alignundefined uagb-block-483b8325\"><div class=\"uagb-columns__overlay\"><\/div><div class=\"uagb-columns__inner-wrap uagb-columns__columns-2\">\n<div class=\"wp-block-uagb-column uagb-column__wrap uagb-column__background-undefined uagb-block-a4d836c3\"><div class=\"uagb-column__overlay\"><\/div><div class=\"uagb-column__inner-wrap\">\n<div style=\"height:20px\" aria-hidden=\"true\" class=\"wp-block-spacer\"><\/div>\n\n\n<div class=\"wp-block-image mb-30\">\n<figure class=\"alignleft size-medium is-resized\"><img decoding=\"async\" src=\"https:\/\/securifuel.co\/wp-content\/uploads\/2023\/06\/LOGO_OA_corporation-700x212.png\" alt=\"\" class=\"wp-image-4238\" style=\"width:250px\"\/><\/figure><\/div>\n\n\n<div style=\"height:20px\" aria-hidden=\"true\" class=\"wp-block-spacer\"><\/div>\n\n\n\n<h4 class=\"wp-block-heading\">Als Spezialist f\u00fcr vernetzte Fahrzeuge unterst\u00fctzt die Optimum Corporation Unternehmen und \u00f6ffentliche K\u00f6rperschaften auf drei Kontinenten bei der finanziellen und \u00f6kologischen Optimierung von Fahrzeugflotten und der beruflichen Mobilit\u00e4t.<\/h4>\n\n\n\n<section class=\"wp-block-uagb-columns uagb-columns__wrap uagb-columns__background-undefined uagb-columns__stack-mobile uagb-columns__valign-undefined uagb-columns__gap-10 alignundefined uagb-block-d2b9659c\"><div class=\"uagb-columns__overlay\"><\/div><div class=\"uagb-columns__inner-wrap uagb-columns__columns-4\">\n<div class=\"wp-block-uagb-column uagb-column__wrap uagb-column__background-undefined uagb-block-3ea0fb96\"><div class=\"uagb-column__overlay\"><\/div><div class=\"uagb-column__inner-wrap\"><div class=\"wp-block-image\">\n<figure class=\"aligncenter size-full is-resized\"><img decoding=\"async\" src=\"https:\/\/securifuel.co\/wp-content\/uploads\/2023\/06\/logo_optimum_automotive-1.jpg\" alt=\"\" class=\"wp-image-4250\" style=\"width:233px\"\/><\/figure><\/div><\/div><\/div>\n\n\n\n<div class=\"wp-block-uagb-column uagb-column__wrap uagb-column__background-undefined uagb-block-29a9bbbb\"><div class=\"uagb-column__overlay\"><\/div><div class=\"uagb-column__inner-wrap\"><div class=\"wp-block-image\">\n<figure class=\"aligncenter size-full is-resized\"><img decoding=\"async\" src=\"https:\/\/securifuel.co\/wp-content\/uploads\/2023\/06\/logo_optimum_consulting.jpg\" alt=\"\" class=\"wp-image-4240\" style=\"width:233px\"\/><\/figure><\/div><\/div><\/div>\n\n\n\n<div class=\"wp-block-uagb-column uagb-column__wrap uagb-column__background-undefined uagb-block-8605b117\"><div class=\"uagb-column__overlay\"><\/div><div class=\"uagb-column__inner-wrap\"><div class=\"wp-block-image\">\n<figure class=\"aligncenter size-full is-resized\"><img decoding=\"async\" src=\"https:\/\/securifuel.co\/wp-content\/uploads\/2023\/06\/logo_optimum_mobility.jpg\" alt=\"\" class=\"wp-image-4241\" style=\"width:233px\"\/><\/figure><\/div><\/div><\/div>\n\n\n\n<div class=\"wp-block-uagb-column uagb-column__wrap uagb-column__background-undefined uagb-block-2df199d8\"><div class=\"uagb-column__overlay\"><\/div><div class=\"uagb-column__inner-wrap\"><div class=\"wp-block-image\">\n<figure class=\"aligncenter size-full is-resized\"><a href=\"#optimum-security\"><img decoding=\"async\" src=\"https:\/\/securifuel.co\/wp-content\/uploads\/2023\/06\/logo_optimum_security.jpg\" alt=\"\" class=\"wp-image-4257\" style=\"width:233px\"\/><\/a><\/figure><\/div><\/div><\/div>\n<\/div><\/section>\n<\/div><\/div>\n\n\n\n<div class=\"wp-block-uagb-column uagb-column__wrap uagb-column__background-image uagb-block-1739d8e5\"><div class=\"uagb-column__overlay\"><\/div><div class=\"uagb-column__inner-wrap\">\n<section class=\"wp-block-uagb-columns uagb-columns__wrap uagb-columns__background-color uagb-columns__stack-none uagb-columns__valign-undefined uagb-columns__gap-10 alignundefined uagb-block-9946a7c7 bloc_number\"><div class=\"uagb-columns__overlay\"><\/div><div class=\"uagb-columns__inner-wrap uagb-columns__columns-2\">\n<div class=\"wp-block-uagb-column uagb-column__wrap uagb-column__background-undefined uagb-block-26044069 bloct\"><div class=\"uagb-column__overlay\"><\/div><div class=\"uagb-column__inner-wrap\">\n<h4 class=\"wp-block-heading\">KUNDEN<\/h4>\n\n\n\n<p>Gro\u00dfkunden,<br>Kleinstunternehmen, KMU, ITU, Gebietsk\u00f6rperschaften<\/p>\n<\/div><\/div>\n\n\n\n<div class=\"wp-block-uagb-column uagb-column__wrap uagb-column__background-undefined uagb-block-6d651ee5\"><div class=\"uagb-column__overlay\"><\/div><div class=\"uagb-column__inner-wrap\">\n<script language=\"javascript\"> \n\n$.ajax({\n   type: \"GET\",\n   url: \"\/\/securifuel.co\/numbers\/clients.txt\",\n   error:function(msg){\n     alert( \"Error !: \" + msg );\n   },\n   success:function(data){\n\t$('#clients').text(data);\n}});\n      \n<\/script>\n<h3 id=\"clients\" align=\"center\">6500<\/h3>\n<\/div><\/div>\n<\/div><\/section>\n\n\n\n<section class=\"wp-block-uagb-columns uagb-columns__wrap uagb-columns__background-color uagb-columns__stack-none uagb-columns__valign-undefined uagb-columns__gap-10 alignundefined uagb-block-248bba72 bloc_number\"><div class=\"uagb-columns__overlay\"><\/div><div class=\"uagb-columns__inner-wrap uagb-columns__columns-2\">\n<div class=\"wp-block-uagb-column uagb-column__wrap uagb-column__background-undefined uagb-block-cafb97f6\"><div class=\"uagb-column__overlay\"><\/div><div class=\"uagb-column__inner-wrap\">\n<h4 class=\"wp-block-heading bloct\">FAHRZEUGE UND<br>VERWALTETE ASSETS<\/h4>\n<\/div><\/div>\n\n\n\n<div class=\"wp-block-uagb-column uagb-column__wrap uagb-column__background-undefined uagb-block-5017c24a\"><div class=\"uagb-column__overlay\"><\/div><div class=\"uagb-column__inner-wrap\">\n<script language=\"javascript\"> \t\n\t$.ajax({\n   type: \"GET\",\n   url: \"\/\/securifuel.co\/numbers\/vehicules.txt\",\n   error:function(msg){\n     alert( \"Error !: \" + msg );\n   },\n   success:function(data){\n\t$('#vehicules').text(data);\n}});\n\t<\/script>\n<h3 id=\"vehicules\" align=\"center\">120000<\/h3>\n<\/div><\/div>\n<\/div><\/section>\n\n\n\n<section class=\"wp-block-uagb-columns uagb-columns__wrap uagb-columns__background-color uagb-columns__stack-none uagb-columns__valign-undefined uagb-columns__gap-10 alignundefined uagb-block-0a495a54 bloc_number\"><div class=\"uagb-columns__overlay\"><\/div><div class=\"uagb-columns__inner-wrap uagb-columns__columns-2\">\n<div class=\"wp-block-uagb-column uagb-column__wrap uagb-column__background-undefined uagb-block-68abf1db bloct\"><div class=\"uagb-column__overlay\"><\/div><div class=\"uagb-column__inner-wrap\">\n<h4 class=\"wp-block-heading\">ANZAHL DER L\u00c4NDER <br><\/h4>\n\n\n\n<p>wo wir pr\u00e4sent sind<\/p>\n<\/div><\/div>\n\n\n\n<div class=\"wp-block-uagb-column uagb-column__wrap uagb-column__background-undefined uagb-block-09152ff3\"><div class=\"uagb-column__overlay\"><\/div><div class=\"uagb-column__inner-wrap\">\n<script language=\"javascript\"> \n\t\n$.ajax({\n   type: \"GET\",\n   url: \"\/\/securifuel.co\/numbers\/pays.txt\",\n   error:function(msg){\n     alert( \"Error !: \" + msg );\n   },\n   success:function(data){\n\t$('#pays').text(data);\n}});\t\n\t\n<\/script>\n<h3 id=\"pays\" align=\"center\">33<\/h3>\n<\/div><\/div>\n<\/div><\/section>\n<\/div><\/div>\n<\/div><\/section>\n\n\n\n<div style=\"height:19px\" aria-hidden=\"true\" class=\"wp-block-spacer uag-hide-tab uag-hide-mob\"><\/div>\n\n\n\n<section class=\"wp-block-uagb-columns uagb-columns__wrap uagb-columns__background-undefined uagb-columns__stack-mobile uagb-columns__valign-bottom uagb-columns__gap-10 alignundefined uagb-block-28361da0\"><div class=\"uagb-columns__overlay\"><\/div><div class=\"uagb-columns__inner-wrap uagb-columns__columns-1\">\n<div class=\"wp-block-uagb-column uagb-column__wrap uagb-column__background-undefined uagb-block-5b9c975a\"><div class=\"uagb-column__overlay\"><\/div><div class=\"uagb-column__inner-wrap\"><\/div><\/div>\n<\/div><\/section>\n\n\n\n<section class=\"wp-block-uagb-columns uagb-columns__wrap uagb-columns__background-color uagb-columns__stack-mobile uagb-columns__valign-undefined uagb-columns__gap-10 alignfull uagb-block-e3f945c6\" id=\"optimum-security\"><div class=\"uagb-columns__overlay\"><\/div><div class=\"uagb-columns__inner-wrap uagb-columns__columns-1\">\n<div class=\"wp-block-uagb-column uagb-column__wrap uagb-column__background-undefined uagb-block-f6efa067\"><div class=\"uagb-column__overlay\"><\/div><div class=\"uagb-column__inner-wrap\">\n<section class=\"wp-block-uagb-columns uagb-columns__wrap uagb-columns__background-undefined uagb-columns__stack-mobile uagb-columns__valign-undefined uagb-columns__gap-10 alignundefined uagb-block-0ff95fe0\"><div class=\"uagb-columns__overlay\"><\/div><div class=\"uagb-columns__inner-wrap uagb-columns__columns-1\">\n<div class=\"wp-block-uagb-column uagb-column__wrap uagb-column__background-undefined uagb-block-1ce144eb col-logo\"><div class=\"uagb-column__overlay\"><\/div><div class=\"uagb-column__inner-wrap\">\n<div class=\"wp-block-columns mb-0 is-layout-flex wp-container-core-columns-layout-2 wp-block-columns-is-layout-flex\">\n<div class=\"wp-block-column is-layout-flow wp-block-column-is-layout-flow\" style=\"flex-basis:1900px\">\n<h3 class=\"wp-block-heading has-text-align-center mb-0 mt-0\"><strong><span class=\"has-inline-color has-dark-color\">Optimum<\/span> Sicherheit, <span class=\"has-inline-color has-dark-color\">bietet L\u00f6sungen an, die darauf ausgerichtet sind <\/span><\/strong><br><strong><span class=\"has-inline-color has-dark-color\">\u00fcber die Sicherheit von Fahrzeugen, Assets, Treibstoff und Fahrern.<\/span><\/strong><\/h3>\n\n\n\n<section class=\"wp-block-uagb-columns uagb-columns__wrap uagb-columns__background-undefined uagb-columns__stack-tablet uagb-columns__valign-undefined uagb-columns__gap-10 alignundefined uagb-block-f402774a col-logo\"><div class=\"uagb-columns__overlay\"><\/div><div class=\"uagb-columns__inner-wrap uagb-columns__columns-3\">\n<div class=\"wp-block-uagb-column uagb-column__wrap uagb-column__background-undefined uagb-block-c54a4e1b\"><div class=\"uagb-column__overlay\"><\/div><div class=\"uagb-column__inner-wrap\">\n<p><figure class=\"wp-block-image aligncenter size-large is-resized mb-0\"><img loading=\"lazy\" decoding=\"async\" width=\"1300\" height=\"760\" class=\"wp-image-3649\" style=\"width:265px\" src=\"https:\/\/securicam.co\/wp-content\/uploads\/2022\/04\/securicam-1300x760.png\" alt=\"\" srcset=\"https:\/\/securicam.co\/wp-content\/uploads\/2022\/04\/securicam-1300x760.png 1300w, https:\/\/securicam.co\/wp-content\/uploads\/2022\/04\/securicam-700x409.png 700w, https:\/\/securicam.co\/wp-content\/uploads\/2022\/04\/securicam-768x449.png 768w, https:\/\/securicam.co\/wp-content\/uploads\/2022\/04\/securicam-18x12.png 18w, https:\/\/securicam.co\/wp-content\/uploads\/2022\/04\/securicam.png 1500w\" sizes=\"(max-width: 1300px) 100vw, 1300px\" \/><\/figure><\/p>\n\n\n\n<div class=\"wp-block-buttons is-horizontal is-content-justification-center is-layout-flex wp-container-core-buttons-layout-1 wp-block-buttons-is-layout-flex\">\n<div class=\"wp-block-button\"><a class=\"wp-block-button__link has-blue-background-color has-background wp-element-button\" href=\"https:\/\/securicam.co\/de\/\" target=\"_blank\" rel=\"noreferrer noopener\">Mehr erfahren<\/a><\/div>\n<\/div>\n<\/div><\/div>\n\n\n\n<div class=\"wp-block-uagb-column uagb-column__wrap uagb-column__background-undefined uagb-block-0c455d0a br-15\"><div class=\"uagb-column__overlay\"><\/div><div class=\"uagb-column__inner-wrap\"><div class=\"wp-block-image is-resized mb-0\">\n<figure class=\"aligncenter size-large\"><img loading=\"lazy\" decoding=\"async\" width=\"1300\" height=\"760\" src=\"https:\/\/securicam.co\/wp-content\/uploads\/2022\/02\/securitrack-1300x760.png\" alt=\"\" class=\"wp-image-2892\" style=\"width:265px\" srcset=\"https:\/\/securicam.co\/wp-content\/uploads\/2022\/02\/securitrack-1300x760.png 1300w, https:\/\/securicam.co\/wp-content\/uploads\/2022\/02\/securitrack-700x409.png 700w, https:\/\/securicam.co\/wp-content\/uploads\/2022\/02\/securitrack-768x449.png 768w, https:\/\/securicam.co\/wp-content\/uploads\/2022\/02\/securitrack-18x12.png 18w, https:\/\/securicam.co\/wp-content\/uploads\/2022\/02\/securitrack.png 1500w\" sizes=\"(max-width: 1300px) 100vw, 1300px\" \/><\/figure><\/div>\n\n\n<div class=\"wp-block-buttons is-horizontal is-content-justification-center is-layout-flex wp-container-core-buttons-layout-2 wp-block-buttons-is-layout-flex\">\n<div class=\"wp-block-button\"><a class=\"wp-block-button__link has-blue-background-color has-background wp-element-button\" href=\"https:\/\/securitrack.co\" target=\"_blank\" rel=\"noreferrer noopener\">Mehr erfahren<\/a><\/div>\n<\/div>\n<\/div><\/div>\n\n\n\n<div class=\"wp-block-uagb-column uagb-column__wrap uagb-column__background-undefined uagb-block-3f5d73b3\"><div class=\"uagb-column__overlay\"><\/div><div class=\"uagb-column__inner-wrap\"><div class=\"wp-block-image\">\n<figure class=\"aligncenter size-full is-resized\"><img loading=\"lazy\" decoding=\"async\" width=\"265\" height=\"155\" src=\"https:\/\/securicam.co\/wp-content\/uploads\/2022\/02\/securipack-1.png\" alt=\"\" class=\"wp-image-2897\" style=\"width:265px\" srcset=\"https:\/\/securicam.co\/wp-content\/uploads\/2022\/02\/securipack-1.png 265w, https:\/\/securicam.co\/wp-content\/uploads\/2022\/02\/securipack-1-18x12.png 18w\" sizes=\"(max-width: 265px) 100vw, 265px\" \/><\/figure><\/div>\n\n\n<div class=\"wp-block-buttons is-horizontal is-content-justification-center is-layout-flex wp-container-core-buttons-layout-3 wp-block-buttons-is-layout-flex\">\n<div class=\"wp-block-button\"><a class=\"wp-block-button__link has-blue-background-color has-background wp-element-button\" href=\"https:\/\/securipack.co\" target=\"_blank\" rel=\"noreferrer noopener\">Mehr erfahren<\/a><\/div>\n<\/div>\n<\/div><\/div>\n<\/div><\/section>\n\n\n\n<p><\/p>\n<\/div>\n<\/div>\n<\/div><\/div>\n<\/div><\/section>\n<\/div><\/div>\n<\/div><\/section>\n\n\n\n<section class=\"wp-block-uagb-columns uagb-columns__wrap uagb-columns__background-color uagb-columns__stack-mobile uagb-columns__valign-undefined uagb-columns__gap-10 alignfull uagb-block-475a87da pb-0\"><div class=\"uagb-columns__overlay\"><\/div><div class=\"uagb-columns__inner-wrap uagb-columns__columns-1\">\n<div class=\"wp-block-uagb-column uagb-column__wrap uagb-column__background-color uagb-block-23ffa744 pb-0\"><div class=\"uagb-column__overlay\"><\/div><div class=\"uagb-column__inner-wrap\">\n<p class=\"has-text-align-center\" style=\"font-size:17px\"><span style=\"background-color:rgba(0, 0, 0, 0);color:#e6e6e6\" class=\"has-inline-color\">Optimum Security ist eine Marke der Optimum Corporation<\/span><\/p>\n\n\n\n<p><\/p>\n<\/div><\/div>\n<\/div><\/section>","protected":false},"excerpt":{"rendered":"","protected":false},"author":12,"featured_media":0,"parent":0,"menu_order":0,"comment_status":"closed","ping_status":"closed","template":"page-without-title.php","meta":{"_coblocks_attr":"","_coblocks_dimensions":"","_coblocks_responsive_height":"","_coblocks_accordion_ie_support":"","footnotes":""},"yoast_head":"<!-- This site is optimized with the Yoast SEO plugin v22.0 - https:\/\/yoast.com\/wordpress\/plugins\/seo\/ -->\n<title>\u00c0 propos - SECURICAM<\/title>\n<meta name=\"robots\" content=\"index, follow, max-snippet:-1, max-image-preview:large, max-video-preview:-1\" \/>\n<link rel=\"canonical\" href=\"https:\/\/securicam.co\/de\/securicam-marque-d-optimum-corporation\/\" \/>\n<meta property=\"og:locale\" content=\"de_DE\" \/>\n<meta property=\"og:type\" content=\"article\" \/>\n<meta property=\"og:title\" content=\"\u00c0 propos - SECURICAM\" \/>\n<meta property=\"og:url\" content=\"https:\/\/securicam.co\/de\/securicam-marque-d-optimum-corporation\/\" \/>\n<meta property=\"og:site_name\" content=\"SECURICAM\" \/>\n<meta property=\"article:modified_time\" content=\"2024-04-22T13:23:36+00:00\" \/>\n<meta property=\"og:image\" content=\"https:\/\/securicam.co\/wp-content\/uploads\/2022\/02\/camera_embarquee2-7.png\" \/>\n<meta name=\"twitter:card\" content=\"summary_large_image\" \/>\n<meta name=\"twitter:label1\" content=\"Gesch\u00e4tzte Lesezeit\" \/>\n\t<meta name=\"twitter:data1\" content=\"3\u00a0Minuten\" \/>\n<script type=\"application\/ld+json\" class=\"yoast-schema-graph\">{\"@context\":\"https:\/\/schema.org\",\"@graph\":[{\"@type\":\"WebPage\",\"@id\":\"https:\/\/securicam.co\/securicam-marque-d-optimum-corporation\/\",\"url\":\"https:\/\/securicam.co\/securicam-marque-d-optimum-corporation\/\",\"name\":\"\u00c0 propos - SECURICAM\",\"isPartOf\":{\"@id\":\"https:\/\/securicam.co\/#website\"},\"datePublished\":\"2021-10-26T08:30:31+00:00\",\"dateModified\":\"2024-04-22T13:23:36+00:00\",\"inLanguage\":\"de\",\"potentialAction\":[{\"@type\":\"ReadAction\",\"target\":[\"https:\/\/securicam.co\/securicam-marque-d-optimum-corporation\/\"]}]},{\"@type\":\"WebSite\",\"@id\":\"https:\/\/securicam.co\/#website\",\"url\":\"https:\/\/securicam.co\/\",\"name\":\"SECURICAM\",\"description\":\"CAM\u00c9RA EMBARQU\u00c9E  POUR V\u00c9HICULES PROFES\u00adSIONNELS\",\"potentialAction\":[{\"@type\":\"SearchAction\",\"target\":{\"@type\":\"EntryPoint\",\"urlTemplate\":\"https:\/\/securicam.co\/?s={search_term_string}\"},\"query-input\":\"required name=search_term_string\"}],\"inLanguage\":\"de\"}]}<\/script>\n<!-- \/ Yoast SEO plugin. -->","yoast_head_json":{"title":"\u00c0 propos - SECURICAM","robots":{"index":"index","follow":"follow","max-snippet":"max-snippet:-1","max-image-preview":"max-image-preview:large","max-video-preview":"max-video-preview:-1"},"canonical":"https:\/\/securicam.co\/de\/securicam-marque-d-optimum-corporation\/","og_locale":"de_DE","og_type":"article","og_title":"\u00c0 propos - SECURICAM","og_url":"https:\/\/securicam.co\/de\/securicam-marque-d-optimum-corporation\/","og_site_name":"SECURICAM","article_modified_time":"2024-04-22T13:23:36+00:00","og_image":[{"url":"https:\/\/securicam.co\/wp-content\/uploads\/2022\/02\/camera_embarquee2-7.png"}],"twitter_card":"summary_large_image","twitter_misc":{"Gesch\u00e4tzte Lesezeit":"3\u00a0Minuten"},"schema":{"@context":"https:\/\/schema.org","@graph":[{"@type":"WebPage","@id":"https:\/\/securicam.co\/securicam-marque-d-optimum-corporation\/","url":"https:\/\/securicam.co\/securicam-marque-d-optimum-corporation\/","name":"\u00c0 propos - SECURICAM","isPartOf":{"@id":"https:\/\/securicam.co\/#website"},"datePublished":"2021-10-26T08:30:31+00:00","dateModified":"2024-04-22T13:23:36+00:00","inLanguage":"de","potentialAction":[{"@type":"ReadAction","target":["https:\/\/securicam.co\/securicam-marque-d-optimum-corporation\/"]}]},{"@type":"WebSite","@id":"https:\/\/securicam.co\/#website","url":"https:\/\/securicam.co\/","name":"SECURICAM","description":"CAM\u00c9RA EMBARQU\u00c9E  POUR V\u00c9HICULES PROFES\u00adSIONNELS","potentialAction":[{"@type":"SearchAction","target":{"@type":"EntryPoint","urlTemplate":"https:\/\/securicam.co\/?s={search_term_string}"},"query-input":"required name=search_term_string"}],"inLanguage":"de"}]}},"uagb_featured_image_src":{"full":false,"thumbnail":false,"medium":false,"medium_large":false,"large":false,"1536x1536":false,"2048x2048":false,"trp-custom-language-flag":false},"uagb_author_info":{"display_name":"Camaleon","author_link":"https:\/\/securicam.co\/de\/author\/camaleon\/"},"uagb_comment_info":0,"uagb_excerpt":null,"_links":{"self":[{"href":"https:\/\/securicam.co\/de\/wp-json\/wp\/v2\/pages\/780"}],"collection":[{"href":"https:\/\/securicam.co\/de\/wp-json\/wp\/v2\/pages"}],"about":[{"href":"https:\/\/securicam.co\/de\/wp-json\/wp\/v2\/types\/page"}],"author":[{"embeddable":true,"href":"https:\/\/securicam.co\/de\/wp-json\/wp\/v2\/users\/12"}],"replies":[{"embeddable":true,"href":"https:\/\/securicam.co\/de\/wp-json\/wp\/v2\/comments?post=780"}],"version-history":[{"count":292,"href":"https:\/\/securicam.co\/de\/wp-json\/wp\/v2\/pages\/780\/revisions"}],"predecessor-version":[{"id":3686,"href":"https:\/\/securicam.co\/de\/wp-json\/wp\/v2\/pages\/780\/revisions\/3686"}],"wp:attachment":[{"href":"https:\/\/securicam.co\/de\/wp-json\/wp\/v2\/media?parent=780"}],"curies":[{"name":"wp","href":"https:\/\/api.w.org\/{rel}","templated":true}]}}